{"id":117923,"date":"2025-11-05T08:06:14","date_gmt":"2025-11-05T08:06:14","guid":{"rendered":"https:\/\/faro.devserver.com.es\/?page_id=117923"},"modified":"2026-01-15T18:30:46","modified_gmt":"2026-01-15T18:30:46","slug":"sostenibilidad","status":"publish","type":"page","link":"https:\/\/faro.devserver.com.es\/es\/sostenibilidad\/","title":{"rendered":"Sostenibilidad"},"content":{"rendered":"<div class=\"et_pb_section_0 et_pb_section et_section_regular et_flex_section\"><span class=\"et-pb-background-video\"><\/span>\n<div class=\"et_pb_row_0 et_pb_row et_flex_row\">\n<div class=\"et_pb_column_0 et_pb_column et-last-child et_flex_column et_pb_css_mix_blend_mode_passthrough et_flex_column_24_24 et_flex_column_24_24_tablet et_flex_column_24_24_phone\">\n<div class=\"et_pb_text_0 et_pb_text et_pb_bg_layout_light et_pb_module et_flex_module\"><div class=\"et_pb_text_inner\"><h1><span style=\"color: #ffffff;\"><strong><span style=\"font-size: xx-large;\">Sostenibilidad<\/span><\/strong><\/span><\/h1>\n<\/div><\/div>\n<\/div>\n<\/div>\n<\/div>\n\n<div class=\"et_pb_section_1 et_pb_section et_section_regular et_flex_section\">\n<div class=\"et_pb_row_1 et_pb_row et_flex_row\">\n<div class=\"et_pb_column_1 et_pb_column et-last-child et_flex_column et_pb_css_mix_blend_mode_passthrough et_flex_column_24_24 et_flex_column_24_24_tablet et_flex_column_24_24_phone\">\n<div class=\"et_pb_heading_0 et_pb_heading et_pb_module et_flex_module\"><div class=\"et_pb_heading_container\"><h4 class=\"et_pb_module_header\">En Faro Barcelona, la sostenibilidad no es una meta. Es un punto de partida, un camino que no tiene fin. Siempre hay espacio para la mejora.<\/h4><\/div><\/div>\n<\/div>\n<\/div>\n<\/div>\n\n<div class=\"et_pb_section_2 et_pb_section et_section_regular et_flex_section\">\n<div class=\"et_pb_row_2 et_pb_row et_flex_row\">\n<div class=\"et_pb_column_2 et_pb_column et_flex_column et_pb_css_mix_blend_mode_passthrough et_flex_column_8_24 et_flex_column_8_24_tablet et_flex_column_24_24_phone\">\n<div class=\"et_pb_image_0 et_pb_image et_pb_module et_flex_module\"><span class=\"et_pb_image_wrap\"><img loading=\"lazy\" decoding=\"async\" src=\"https:\/\/faro.devserver.com.es\/wp-content\/uploads\/2026\/01\/sostenibilidad-1.jpg\" title=\"sostenibilidad-1\" width=\"282\" height=\"421\" srcset=\"https:\/\/faro.devserver.com.es\/wp-content\/uploads\/2026\/01\/sostenibilidad-1.jpg 282w, https:\/\/faro.devserver.com.es\/wp-content\/uploads\/2026\/01\/sostenibilidad-1-201x300.jpg 201w\" sizes=\"(max-width: 282px) 100vw, 282px\" class=\"wp-image-162931\" \/><\/span><\/div>\n<\/div>\n\n<div class=\"et_pb_column_3 et_pb_column et_flex_column et_pb_css_mix_blend_mode_passthrough et_flex_column_8_24 et_flex_column_8_24_tablet et_flex_column_24_24_phone\">\n<div class=\"et_pb_image_1 et_pb_image et_pb_module et_flex_module\"><span class=\"et_pb_image_wrap\"><img loading=\"lazy\" decoding=\"async\" src=\"https:\/\/faro.devserver.com.es\/wp-content\/uploads\/2026\/01\/sostenibilidad-2.jpg\" title=\"sostenibilidad-2\" width=\"281\" height=\"421\" srcset=\"https:\/\/faro.devserver.com.es\/wp-content\/uploads\/2026\/01\/sostenibilidad-2.jpg 281w, https:\/\/faro.devserver.com.es\/wp-content\/uploads\/2026\/01\/sostenibilidad-2-200x300.jpg 200w\" sizes=\"(max-width: 281px) 100vw, 281px\" class=\"wp-image-162933\" \/><\/span><\/div>\n<\/div>\n\n<div class=\"et_pb_column_4 et_pb_column et-last-child et_flex_column et_pb_css_mix_blend_mode_passthrough et_flex_column_8_24 et_flex_column_8_24_tablet et_flex_column_24_24_phone\">\n<div class=\"et_pb_image_2 et_pb_image et_pb_module et_flex_module\"><span class=\"et_pb_image_wrap\"><img loading=\"lazy\" decoding=\"async\" src=\"https:\/\/faro.devserver.com.es\/wp-content\/uploads\/2026\/01\/sostenibilidad-3.jpg\" title=\"sostenibilidad-3\" width=\"281\" height=\"421\" srcset=\"https:\/\/faro.devserver.com.es\/wp-content\/uploads\/2026\/01\/sostenibilidad-3.jpg 281w, https:\/\/faro.devserver.com.es\/wp-content\/uploads\/2026\/01\/sostenibilidad-3-200x300.jpg 200w\" sizes=\"(max-width: 281px) 100vw, 281px\" class=\"wp-image-162932\" \/><\/span><\/div>\n<\/div>\n<\/div>\n<\/div>\n\n<div class=\"et_pb_section_3 et_pb_section et_section_regular et_flex_section\">\n<div class=\"et_pb_row_3 et_pb_row et_flex_row\">\n<div class=\"et_pb_column_5 et_pb_column et-last-child et_flex_column et_pb_css_mix_blend_mode_passthrough et_flex_column_24_24 et_flex_column_24_24_tablet et_flex_column_24_24_phone\">\n<div class=\"et_pb_heading_1 et_pb_heading et_pb_module et_flex_module\"><div class=\"et_pb_heading_container\"><h4 class=\"et_pb_module_header\">Nos centramos en las personas, proporcion\u00e1ndoles soluciones innovadoras, duraderas y atemporales, comprometi\u00e9ndonos para que sean accesibles y \u00f3ptimas. Nos adaptamos a los cambios tecnol\u00f3gicos y sociales para promover un entorno m\u00e1s consciente, feliz y respetuoso con el medio ambiente. Esta es nuestra misi\u00f3n.<\/h4><\/div><\/div>\n<\/div>\n<\/div>\n\n<div class=\"et_pb_row_4 et_pb_row et_flex_row\">\n<div class=\"et_pb_column_6 et_pb_column et-last-child et_flex_column et_pb_css_mix_blend_mode_passthrough et_flex_column_24_24 et_flex_column_24_24_tablet et_flex_column_24_24_phone\">\n<div class=\"et_pb_heading_2 et_pb_heading et_pb_module et_flex_module\"><div class=\"et_pb_heading_container\"><h1 class=\"et_pb_module_header\">Hitos<\/h1><\/div><\/div>\n<\/div>\n<\/div>\n<\/div>\n\n<div class=\"et_pb_section_4 et_pb_section et_section_regular et_flex_section\">\n<div class=\"et_pb_row_5 et_pb_row et_flex_row\">\n<div class=\"et_pb_column_7 et_pb_column et-last-child et_flex_column et_pb_css_mix_blend_mode_passthrough et_flex_column_24_24 et_flex_column_24_24_tablet et_flex_column_24_24_phone\">\n<div class=\"et_pb_group_carousel_0 et_pb_group_carousel et_pb_group et_pb_module et_pb_group_carousel_arrows_outside et_pb_group_carousel_dots_center et_pb_group_carousel_dots_below et_pb_group_carousel_slides_5\"><div class=\"et_pb_group_carousel_container\"><div class=\"et_pb_group_carousel_track\"><div class=\"et_pb_group_carousel_slide\"><div class=\"et_pb_group_0 et_pb_group et_pb_module et_flex_group et_pb_css_mix_blend_mode_passthrough\">\n<div class=\"et_pb_text_1 et_pb_text et_pb_bg_layout_light et_pb_module et_flex_module\"><div class=\"et_pb_text_inner\"><h4>Certificado FSC\u00ae C-216381<\/h4>\n<p><span>2025<\/span><\/p>\n<\/div><\/div>\n\n<div class=\"et_pb_module et_pb_button_module_wrapper et_pb_button_0_wrapper\"><a class=\"et_pb_button_0 et_pb_button et_pb_bg_layout_light et_pb_module et_flex_module\" href=\"\">VER M\u00c1S<\/a><\/div>\n<\/div><\/div><div class=\"et_pb_group_carousel_slide\"><div class=\"et_pb_group_1 et_pb_group et_pb_module et_flex_group et_pb_css_mix_blend_mode_passthrough\">\n<div class=\"et_pb_text_2 et_pb_text et_pb_bg_layout_light et_pb_module et_flex_module\"><div class=\"et_pb_text_inner\"><h4>Certificaci\u00f3n Huella de Carbono ISO-14064<\/h4>\n<p><span>2025<\/span><\/p>\n<\/div><\/div>\n\n<div class=\"et_pb_module et_pb_button_module_wrapper et_pb_button_1_wrapper\"><a class=\"et_pb_button_1 et_pb_button et_pb_bg_layout_light et_pb_module et_flex_module\" href=\"\">VER M\u00c1S<\/a><\/div>\n<\/div><\/div><div class=\"et_pb_group_carousel_slide\"><div class=\"et_pb_group_2 et_pb_group et_pb_module et_flex_group et_pb_css_mix_blend_mode_passthrough\">\n<div class=\"et_pb_text_3 et_pb_text et_pb_bg_layout_light et_pb_module et_flex_module\"><div class=\"et_pb_text_inner\"><h4>Lanzamiento de Faro Preloved<\/h4>\n<p><span>2025<\/span><\/p>\n<\/div><\/div>\n\n<div class=\"et_pb_module et_pb_button_module_wrapper et_pb_button_2_wrapper\"><a class=\"et_pb_button_2 et_pb_button et_pb_bg_layout_light et_pb_module et_flex_module\" href=\"\">VER M\u00c1S<\/a><\/div>\n<\/div><\/div><div class=\"et_pb_group_carousel_slide\"><div class=\"et_pb_group_3 et_pb_group et_pb_module et_flex_group et_pb_css_mix_blend_mode_passthrough\">\n<div class=\"et_pb_text_4 et_pb_text et_pb_bg_layout_light et_pb_module et_flex_module\"><div class=\"et_pb_text_inner\"><h4>Certificado de excelencia empresarial Plimsoll<\/h4>\n<p><span>2025<\/span><\/p>\n<\/div><\/div>\n\n<div class=\"et_pb_module et_pb_button_module_wrapper et_pb_button_3_wrapper\"><a class=\"et_pb_button_3 et_pb_button et_pb_bg_layout_light et_pb_module et_flex_module\" href=\"\">VER M\u00c1S<\/a><\/div>\n<\/div><\/div><div class=\"et_pb_group_carousel_slide\"><div class=\"et_pb_group_4 et_pb_group et_pb_module et_flex_group et_pb_css_mix_blend_mode_passthrough\">\n<div class=\"et_pb_text_5 et_pb_text et_pb_bg_layout_light et_pb_module et_flex_module\"><div class=\"et_pb_text_inner\"><h4>Medalla de Plata EcoVadis<\/h4>\n<p><span>2024<\/span><\/p>\n<\/div><\/div>\n\n<div class=\"et_pb_module et_pb_button_module_wrapper et_pb_button_4_wrapper\"><a class=\"et_pb_button_4 et_pb_button et_pb_bg_layout_light et_pb_module et_flex_module\" href=\"\">VER M\u00c1S<\/a><\/div>\n<\/div><\/div><div class=\"et_pb_group_carousel_slide\"><div class=\"et_pb_group_5 et_pb_group et_pb_module et_flex_group et_pb_css_mix_blend_mode_passthrough\">\n<div class=\"et_pb_text_6 et_pb_text et_pb_bg_layout_light et_pb_module et_flex_module\"><div class=\"et_pb_text_inner\"><h4>Certificaci\u00f3n Huella de Carbono ISO-14064<\/h4>\n<p><span>2024<\/span><\/p>\n<\/div><\/div>\n\n<div class=\"et_pb_module et_pb_button_module_wrapper et_pb_button_5_wrapper\"><a class=\"et_pb_button_5 et_pb_button et_pb_bg_layout_light et_pb_module et_flex_module\" href=\"\">VER M\u00c1S<\/a><\/div>\n<\/div><\/div><div class=\"et_pb_group_carousel_slide\"><div class=\"et_pb_group_6 et_pb_group et_pb_module et_flex_group et_pb_css_mix_blend_mode_passthrough\">\n<div class=\"et_pb_text_7 et_pb_text et_pb_bg_layout_light et_pb_module et_flex_module\"><div class=\"et_pb_text_inner\"><h4>Certificaci\u00f3n Bronze de Ecovadis<\/h4>\n<p><span>2023<\/span><\/p>\n<\/div><\/div>\n\n<div class=\"et_pb_module et_pb_button_module_wrapper et_pb_button_6_wrapper\"><a class=\"et_pb_button_6 et_pb_button et_pb_bg_layout_light et_pb_module et_flex_module\" href=\"\">VER M\u00c1S<\/a><\/div>\n<\/div><\/div><div class=\"et_pb_group_carousel_slide\"><div class=\"et_pb_group_7 et_pb_group et_pb_module et_flex_group et_pb_css_mix_blend_mode_passthrough\">\n<div class=\"et_pb_text_8 et_pb_text et_pb_bg_layout_light et_pb_module et_flex_module\"><div class=\"et_pb_text_inner\"><h4>Certificado de excelencia empresarial Plimsoll<\/h4>\n<p><span>2023<\/span><\/p>\n<\/div><\/div>\n\n<div class=\"et_pb_module et_pb_button_module_wrapper et_pb_button_7_wrapper\"><a class=\"et_pb_button_7 et_pb_button et_pb_bg_layout_light et_pb_module et_flex_module\" href=\"\">VER M\u00c1S<\/a><\/div>\n<\/div><\/div><div class=\"et_pb_group_carousel_slide\"><div class=\"et_pb_group_8 et_pb_group et_pb_module et_flex_group et_pb_css_mix_blend_mode_passthrough\">\n<div class=\"et_pb_text_9 et_pb_text et_pb_bg_layout_light et_pb_module et_flex_module\"><div class=\"et_pb_text_inner\"><h4>Certificaci\u00f3n REDUZCO del Ministerio de Transici\u00f3n Ecol\u00f3gica<\/h4>\n<p><span>2023<\/span><\/p>\n<\/div><\/div>\n\n<div class=\"et_pb_module et_pb_button_module_wrapper et_pb_button_8_wrapper\"><a class=\"et_pb_button_8 et_pb_button et_pb_bg_layout_light et_pb_module et_flex_module\" href=\"\">VER M\u00c1S<\/a><\/div>\n<\/div><\/div><div class=\"et_pb_group_carousel_slide\"><div class=\"et_pb_group_9 et_pb_group et_pb_module et_flex_group et_pb_css_mix_blend_mode_passthrough\">\n<div class=\"et_pb_text_10 et_pb_text et_pb_bg_layout_light et_pb_module et_flex_module\"><div class=\"et_pb_text_inner\"><h4>Transformaci\u00f3n Digital Empresarial de SILEO<\/h4>\n<p><span>2023<\/span><\/p>\n<\/div><\/div>\n\n<div class=\"et_pb_module et_pb_button_module_wrapper et_pb_button_9_wrapper\"><a class=\"et_pb_button_9 et_pb_button et_pb_bg_layout_light et_pb_module et_flex_module\" href=\"\">VER M\u00c1S<\/a><\/div>\n<\/div><\/div><div class=\"et_pb_group_carousel_slide\"><div class=\"et_pb_group_10 et_pb_group et_pb_module et_flex_group et_pb_css_mix_blend_mode_passthrough\">\n<div class=\"et_pb_text_11 et_pb_text et_pb_bg_layout_light et_pb_module et_flex_module\"><div class=\"et_pb_text_inner\"><h4>Doblamos nuestra producci\u00f3n fotovoltaica<\/h4>\n<p><span>2023<\/span><\/p>\n<\/div><\/div>\n\n<div class=\"et_pb_module et_pb_button_module_wrapper et_pb_button_10_wrapper\"><a class=\"et_pb_button_10 et_pb_button et_pb_bg_layout_light et_pb_module et_flex_module\" href=\"\">VER M\u00c1S<\/a><\/div>\n<\/div><\/div><div class=\"et_pb_group_carousel_slide\"><div class=\"et_pb_group_11 et_pb_group et_pb_module et_flex_group et_pb_css_mix_blend_mode_passthrough\">\n<div class=\"et_pb_text_12 et_pb_text et_pb_bg_layout_light et_pb_module et_flex_module\"><div class=\"et_pb_text_inner\"><h4>Certificado de excelencia empresarial Plimsoll<\/h4>\n<p><span>2022<\/span><\/p>\n<\/div><\/div>\n\n<div class=\"et_pb_module et_pb_button_module_wrapper et_pb_button_11_wrapper\"><a class=\"et_pb_button_11 et_pb_button et_pb_bg_layout_light et_pb_module et_flex_module\" href=\"\">VER M\u00c1S<\/a><\/div>\n<\/div><\/div><div class=\"et_pb_group_carousel_slide\"><div class=\"et_pb_group_12 et_pb_group et_pb_module et_flex_group et_pb_css_mix_blend_mode_passthrough\">\n<div class=\"et_pb_text_13 et_pb_text et_pb_bg_layout_light et_pb_module et_flex_module\"><div class=\"et_pb_text_inner\"><h4>Certificado de excelencia empresarial Plimsoll<\/h4>\n<p><span>2022<\/span><\/p>\n<\/div><\/div>\n\n<div class=\"et_pb_module et_pb_button_module_wrapper et_pb_button_12_wrapper\"><a class=\"et_pb_button_12 et_pb_button et_pb_bg_layout_light et_pb_module et_flex_module\" href=\"\">VER M\u00c1S<\/a><\/div>\n<\/div><\/div><div class=\"et_pb_group_carousel_slide\"><div class=\"et_pb_group_13 et_pb_group et_pb_module et_flex_group et_pb_css_mix_blend_mode_passthrough\">\n<div class=\"et_pb_text_14 et_pb_text et_pb_bg_layout_light et_pb_module et_flex_module\"><div class=\"et_pb_text_inner\"><h4>Certificaci\u00f3n Huella de Carbono ISO-14064<\/h4>\n<p><span>2022<\/span><\/p>\n<\/div><\/div>\n\n<div class=\"et_pb_module et_pb_button_module_wrapper et_pb_button_13_wrapper\"><a class=\"et_pb_button_13 et_pb_button et_pb_bg_layout_light et_pb_module et_flex_module\" href=\"\">VER M\u00c1S<\/a><\/div>\n<\/div><\/div><div class=\"et_pb_group_carousel_slide\"><div class=\"et_pb_group_14 et_pb_group et-last-child et_pb_module et_flex_group et_pb_css_mix_blend_mode_passthrough\">\n<div class=\"et_pb_text_15 et_pb_text et_pb_bg_layout_light et_pb_module et_flex_module\"><div class=\"et_pb_text_inner\"><h4>Comienza la medici\u00f3n de nuestra huella de carbono seg\u00fan la ISO-14064<\/h4>\n<p><span>2019<\/span><\/p>\n<\/div><\/div>\n\n<div class=\"et_pb_module et_pb_button_module_wrapper et_pb_button_14_wrapper\"><a class=\"et_pb_button_14 et_pb_button et_pb_bg_layout_light et_pb_module et_flex_module\" href=\"\">VER M\u00c1S<\/a><\/div>\n<\/div><\/div><\/div><\/div><span class=\"et_pb_group_carousel_arrow et_pb_group_carousel_arrow_prev\" role=\"button\" tabindex=\"0\" aria-label=\"Previous slide\"><span class=\"et-pb-icon\">4<\/span><\/span><span class=\"et_pb_group_carousel_arrow et_pb_group_carousel_arrow_next\" role=\"button\" tabindex=\"0\" aria-label=\"Next slide\"><span class=\"et-pb-icon\">5<\/span><\/span><div class=\"et_pb_group_carousel_dots\"><\/div><\/div>\n<\/div>\n<\/div>\n<\/div>","protected":false},"excerpt":{"rendered":"","protected":false},"author":1,"featured_media":0,"parent":0,"menu_order":0,"comment_status":"closed","ping_status":"closed","template":"","meta":{"_acf_changed":false,"footnotes":""},"class_list":["post-117923","page","type-page","status-publish","hentry"],"acf":[],"_links":{"self":[{"href":"https:\/\/faro.devserver.com.es\/es\/wp-json\/wp\/v2\/pages\/117923","targetHints":{"allow":["GET"]}}],"collection":[{"href":"https:\/\/faro.devserver.com.es\/es\/wp-json\/wp\/v2\/pages"}],"about":[{"href":"https:\/\/faro.devserver.com.es\/es\/wp-json\/wp\/v2\/types\/page"}],"author":[{"embeddable":true,"href":"https:\/\/faro.devserver.com.es\/es\/wp-json\/wp\/v2\/users\/1"}],"replies":[{"embeddable":true,"href":"https:\/\/faro.devserver.com.es\/es\/wp-json\/wp\/v2\/comments?post=117923"}],"version-history":[{"count":26,"href":"https:\/\/faro.devserver.com.es\/es\/wp-json\/wp\/v2\/pages\/117923\/revisions"}],"predecessor-version":[{"id":162936,"href":"https:\/\/faro.devserver.com.es\/es\/wp-json\/wp\/v2\/pages\/117923\/revisions\/162936"}],"wp:attachment":[{"href":"https:\/\/faro.devserver.com.es\/es\/wp-json\/wp\/v2\/media?parent=117923"}],"curies":[{"name":"wp","href":"https:\/\/api.w.org\/{rel}","templated":true}]}}