{"id":117891,"date":"2025-11-05T07:55:53","date_gmt":"2025-11-05T07:55:53","guid":{"rendered":"https:\/\/faro.devserver.com.es\/?page_id=117891"},"modified":"2025-11-20T07:40:33","modified_gmt":"2025-11-20T07:40:33","slug":"catalogos","status":"publish","type":"page","link":"https:\/\/faro.devserver.com.es\/es\/catalogos\/","title":{"rendered":"Cat\u00e1logos"},"content":{"rendered":"<div class=\"et_pb_section_0 et_pb_section et_section_regular et_block_section\">\n<div class=\"et_pb_row_0 et_pb_row et_flex_row\">\n<div class=\"et_pb_column_0 et_pb_column et-last-child et_flex_column et_pb_css_mix_blend_mode_passthrough et_flex_column_24_24 et_flex_column_24_24_tablet et_flex_column_24_24_phone\">\n<div class=\"et_pb_heading_0 et_pb_heading et_pb_module et_flex_module\"><div class=\"et_pb_heading_container\"><h1 class=\"et_pb_module_header\">Cat\u00e1logos<\/h1><\/div><\/div>\n<\/div>\n<\/div>\n\n<div class=\"et_pb_row_1 et_pb_row et_flex_row\">\n<div class=\"et_pb_column_1 et_pb_column et-last-child et_flex_column et_pb_css_mix_blend_mode_passthrough et_flex_column_24_24 et_flex_column_24_24_tablet et_flex_column_24_24_phone\">\n<div class=\"et_pb_text_0 et_pb_text et_pb_bg_layout_light et_pb_module et_flex_module\"><div class=\"et_pb_text_inner\"><div id=\"panel_texto13_0\" class=\"panel_texto\" data-title=\"Texto\n\"><\/p>\n<section class=\"mdl-texto\">\n<div class=\"m-content\">\n<div class=\"m-text\">\n<p><span style=\"font-size: x-large;\">La luz es capaz de transformar los espacios, as\u00ed como el estado de \u00e1nimo de las personas que habitan en ellos. Descubre nuestras propuestas en iluminaci\u00f3n y ventilaci\u00f3n de techo en nuestros cat\u00e1logos.<\/span><\/p>\n<\/div>\n<\/div>\n<\/section>\n<\/div>\n<div id=\"panel_catalogo13_0\" class=\"panel_catalogo\" data-title=\"Cat\u00e1logo\n\"><\/p>\n<section class=\"mdl-destacado_magazine\">\n<div class=\"m-content\">\n<div class=\"m-slide\">\n<div class=\"m-item\"><\/div>\n<\/div>\n<\/div>\n<\/section>\n<\/div>\n<\/div><\/div>\n<\/div>\n<\/div>\n<\/div>\n\n<div class=\"et_pb_section_1 et_pb_section et_section_regular et_flex_section\">\n<div class=\"et_pb_row_2 et_pb_row et_flex_row\">\n<div class=\"et_pb_column_2 et_pb_column et_flex_column et_pb_css_mix_blend_mode_passthrough et_flex_column_8_24 et_flex_column_8_24_tablet et_flex_column_24_24_phone\">\n<div class=\"et_pb_image_0 et_pb_image et_pb_module et_flex_module\"><span class=\"et_pb_image_wrap\"><img loading=\"lazy\" decoding=\"async\" src=\"https:\/\/faro.devserver.com.es\/wp-content\/uploads\/2025\/11\/catalogos-todos2025410.gif\" width=\"600\" height=\"880\" srcset=\"https:\/\/faro.devserver.com.es\/wp-content\/uploads\/2025\/11\/catalogos-todos2025410.gif 600w\" sizes=\"(min-width: 0px) and (max-width: 480px) 480px, (min-width: 481px) 600px, 100vw\" class=\"wp-image-124379\" \/><\/span><\/div>\n\n<div class=\"et_pb_text_1 et_pb_text et_pb_bg_layout_light et_pb_module et_flex_module\"><div class=\"et_pb_text_inner\"><h3 class=\"m-title\">Cat\u00e1logos 2025<\/h3>\n<div class=\"m-footer\"><\/div>\n<\/div><\/div>\n\n<div class=\"et_pb_heading_1 et_pb_heading et_clickable et_pb_module et_flex_module\"><div class=\"et_pb_heading_container\"><h1 class=\"et_pb_module_header\">DESCARGAR<\/h1><\/div><\/div>\n<\/div>\n\n<div class=\"et_pb_column_3 et_pb_column et_flex_column et_pb_css_mix_blend_mode_passthrough et_flex_column_8_24 et_flex_column_8_24_tablet et_flex_column_24_24_phone\">\n<div class=\"et_pb_image_1 et_pb_image et_pb_module et_flex_module\"><span class=\"et_pb_image_wrap\"><img loading=\"lazy\" decoding=\"async\" src=\"https:\/\/faro.devserver.com.es\/wp-content\/uploads\/2025\/11\/new-in319-7efc7f50c992da6a42ae81c1da946782.webp\" width=\"600\" height=\"880\" srcset=\"https:\/\/faro.devserver.com.es\/wp-content\/uploads\/2025\/11\/new-in319-7efc7f50c992da6a42ae81c1da946782.webp 600w, https:\/\/faro.devserver.com.es\/wp-content\/uploads\/2025\/11\/new-in319-7efc7f50c992da6a42ae81c1da946782-480x704.webp 480w\" sizes=\"(min-width: 0px) and (max-width: 480px) 480px, (min-width: 481px) 600px, 100vw\" class=\"wp-image-124380\" \/><\/span><\/div>\n\n<div class=\"et_pb_text_2 et_pb_text et_pb_bg_layout_light et_pb_module et_flex_module\"><div class=\"et_pb_text_inner\"><h3 class=\"m-title\">New in 2025<\/h3>\n<div class=\"m-footer\"><\/div>\n<div class=\"m-footer\"><\/div>\n<\/div><\/div>\n\n<div class=\"et_pb_heading_2 et_pb_heading et_clickable et_pb_module et_flex_module\"><div class=\"et_pb_heading_container\"><h1 class=\"et_pb_module_header\">DESCARGAR<\/h1><\/div><\/div>\n<\/div>\n\n<div class=\"et_pb_column_4 et_pb_column et-last-child et_flex_column et_pb_css_mix_blend_mode_passthrough et_flex_column_8_24 et_flex_column_8_24_tablet et_flex_column_24_24_phone\">\n<div class=\"et_pb_image_2 et_pb_image et_pb_module et_flex_module\"><span class=\"et_pb_image_wrap\"><img loading=\"lazy\" decoding=\"async\" src=\"https:\/\/faro.devserver.com.es\/wp-content\/uploads\/2025\/11\/catalogocanada-estadosunidos535-134266a49243683ad9a7fcd1509765e1.webp\" width=\"600\" height=\"880\" srcset=\"https:\/\/faro.devserver.com.es\/wp-content\/uploads\/2025\/11\/catalogocanada-estadosunidos535-134266a49243683ad9a7fcd1509765e1.webp 600w, https:\/\/faro.devserver.com.es\/wp-content\/uploads\/2025\/11\/catalogocanada-estadosunidos535-134266a49243683ad9a7fcd1509765e1-480x704.webp 480w\" sizes=\"(min-width: 0px) and (max-width: 480px) 480px, (min-width: 481px) 600px, 100vw\" class=\"wp-image-124381\" \/><\/span><\/div>\n\n<div class=\"et_pb_text_3 et_pb_text et_pb_bg_layout_light et_pb_module et_flex_module\"><div class=\"et_pb_text_inner\"><h3 class=\"m-title\">Cat\u00e1logo US \/ CA<\/h3>\n<div class=\"m-footer\"><\/div>\n<div class=\"m-footer\"><\/div>\n<\/div><\/div>\n\n<div class=\"et_pb_heading_3 et_pb_heading et_clickable et_pb_module et_flex_module\"><div class=\"et_pb_heading_container\"><h1 class=\"et_pb_module_header\">DESCARGAR<\/h1><\/div><\/div>\n<\/div>\n<\/div>\n\n<div class=\"et_pb_row_3 et_pb_row et_flex_row\">\n<div class=\"et_pb_column_5 et_pb_column et_flex_column et_pb_css_mix_blend_mode_passthrough et_flex_column_8_24 et_flex_column_8_24_tablet et_flex_column_24_24_phone\">\n<div class=\"et_pb_image_3 et_pb_image et_pb_module et_flex_module\"><span class=\"et_pb_image_wrap\"><img loading=\"lazy\" decoding=\"async\" src=\"https:\/\/faro.devserver.com.es\/wp-content\/uploads\/2025\/11\/catalogo110-portada773.gif\" width=\"600\" height=\"880\" srcset=\"https:\/\/faro.devserver.com.es\/wp-content\/uploads\/2025\/11\/catalogo110-portada773.gif 600w\" sizes=\"(min-width: 0px) and (max-width: 480px) 480px, (min-width: 481px) 600px, 100vw\" class=\"wp-image-124382\" \/><\/span><\/div>\n\n<div class=\"et_pb_text_4 et_pb_text et_pb_bg_layout_light et_pb_module et_flex_module\"><div class=\"et_pb_text_inner\"><h3 class=\"m-title\">Cat\u00e1logo 110V<\/h3>\n<div class=\"m-footer\"><\/div>\n<\/div><\/div>\n\n<div class=\"et_pb_heading_4 et_pb_heading et_clickable et_pb_module et_flex_module\"><div class=\"et_pb_heading_container\"><h1 class=\"et_pb_module_header\">DESCARGAR<\/h1><\/div><\/div>\n<\/div>\n\n<div class=\"et_pb_column_6 et_pb_column et_flex_column et_pb_column_empty et_pb_css_mix_blend_mode_passthrough et_flex_column_8_24 et_flex_column_8_24_tablet et_flex_column_24_24_phone\"><\/div>\n\n<div class=\"et_pb_column_7 et_pb_column et-last-child et_flex_column et_pb_column_empty et_pb_css_mix_blend_mode_passthrough et_flex_column_8_24 et_flex_column_8_24_tablet et_flex_column_24_24_phone\"><\/div>\n<\/div>\n<\/div>","protected":false},"excerpt":{"rendered":"","protected":false},"author":1,"featured_media":0,"parent":0,"menu_order":0,"comment_status":"closed","ping_status":"closed","template":"","meta":{"_acf_changed":false,"footnotes":""},"class_list":["post-117891","page","type-page","status-publish","hentry"],"acf":[],"_links":{"self":[{"href":"https:\/\/faro.devserver.com.es\/es\/wp-json\/wp\/v2\/pages\/117891","targetHints":{"allow":["GET"]}}],"collection":[{"href":"https:\/\/faro.devserver.com.es\/es\/wp-json\/wp\/v2\/pages"}],"about":[{"href":"https:\/\/faro.devserver.com.es\/es\/wp-json\/wp\/v2\/types\/page"}],"author":[{"embeddable":true,"href":"https:\/\/faro.devserver.com.es\/es\/wp-json\/wp\/v2\/users\/1"}],"replies":[{"embeddable":true,"href":"https:\/\/faro.devserver.com.es\/es\/wp-json\/wp\/v2\/comments?post=117891"}],"version-history":[{"count":21,"href":"https:\/\/faro.devserver.com.es\/es\/wp-json\/wp\/v2\/pages\/117891\/revisions"}],"predecessor-version":[{"id":124505,"href":"https:\/\/faro.devserver.com.es\/es\/wp-json\/wp\/v2\/pages\/117891\/revisions\/124505"}],"wp:attachment":[{"href":"https:\/\/faro.devserver.com.es\/es\/wp-json\/wp\/v2\/media?parent=117891"}],"curies":[{"name":"wp","href":"https:\/\/api.w.org\/{rel}","templated":true}]}}