{"id":104210,"date":"2025-10-24T08:13:15","date_gmt":"2025-10-24T08:13:15","guid":{"rendered":"https:\/\/faro.devserver.com.es\/?page_id=104210"},"modified":"2026-01-19T07:30:46","modified_gmt":"2026-01-19T07:30:46","slug":"proyectos","status":"publish","type":"page","link":"https:\/\/faro.devserver.com.es\/es\/proyectos\/","title":{"rendered":"Proyectos"},"content":{"rendered":"<div class=\"et_pb_section_0 et_pb_section et_section_regular et_flex_section\">\n<div class=\"et_pb_row_0 et_pb_row et_flex_row\">\n<div class=\"et_pb_column_0 et_pb_column et-last-child et_flex_column et_pb_css_mix_blend_mode_passthrough et_flex_column_24_24 et_flex_column_24_24_tablet et_flex_column_24_24_phone\">\n<div class=\"et_pb_heading_0 et_pb_heading et_pb_module et_block_module\"><div class=\"et_pb_heading_container\"><h1 class=\"et_pb_module_header\">PROYECTOS<\/h1><\/div><\/div>\n<\/div>\n<\/div>\n\n<div class=\"et_pb_row_1 et_pb_row et_flex_row\">\n<div class=\"et_pb_column_1 et_pb_column et-last-child et_flex_column et_pb_css_mix_blend_mode_passthrough et_flex_column_24_24 et_flex_column_24_24_tablet et_flex_column_24_24_phone\">\n<div class=\"et_pb_code_0 et_pb_code et_pb_module\"><div class=\"et_pb_code_inner\"><ul class=\"lista-categorias\"><li><a href=\"https:\/\/faro.devserver.com.es\/es\/\">TODOS<\/a><\/li><li><a href=\"https:\/\/faro.devserver.com.es\/es\/project_category\/centros-de-salud\/\">CENTROS DE SALUD<\/a><\/li><li><a href=\"https:\/\/faro.devserver.com.es\/es\/project_category\/centros-educativos\/\">CENTROS EDUCATIVOS<\/a><\/li><li><a href=\"https:\/\/faro.devserver.com.es\/es\/project_category\/hotel\/\">HOTEL<\/a><\/li><li><a href=\"https:\/\/faro.devserver.com.es\/es\/project_category\/negocio\/\">NEGOCIO<\/a><\/li><li><a href=\"https:\/\/faro.devserver.com.es\/es\/project_category\/oficina\/\">OFICINA<\/a><\/li><li><a href=\"https:\/\/faro.devserver.com.es\/es\/project_category\/patrimonio\/\">PATRIMONIO<\/a><\/li><li><a href=\"https:\/\/faro.devserver.com.es\/es\/project_category\/residencia\/\">RESIDENCIA<\/a><\/li><li><a href=\"https:\/\/faro.devserver.com.es\/es\/project_category\/restaurantes\/\">RESTAURANTES<\/a><\/li><\/ul><\/div><\/div>\n<\/div>\n<\/div>\n\n<div class=\"et_pb_row_2 et_pb_row et_flex_row\">\n<div class=\"et_pb_column_2 et_pb_column et-last-child et_flex_column et_pb_css_mix_blend_mode_passthrough et_flex_column_24_24 et_flex_column_24_24_tablet et_flex_column_24_24_phone\">\n<div class=\"et_pb_blog_0 et_pb_blog et_pb_bg_layout_light et_pb_posts et_pb_module\"><div class=\"et_pb_ajax_pagination_container\"><div class=\"et_pb_posts et_grid_module\"><article class=\"et_pb_post et_pb_post_id_165265 clearfix et_pb_blog_item_0_0 post-165265 post type-post status-publish format-standard has-post-thumbnail hentry\"><div class=\"et_pb_image_container\"><a href=\"https:\/\/faro.devserver.com.es\/es\/asi-es-recessed-el-nuevo-sistema-empotrado-para-ventiladores-de-techo\/\" class=\"entry-featured-image-url\"><img loading=\"lazy\" decoding=\"async\" src=\"https:\/\/faro.devserver.com.es\/wp-content\/uploads\/2026\/02\/recessedmountingsystem-farobarcelona6980.jpg\" width=\"400\" height=\"284\" alt=\"As\u00ed es Recessed, el nuevo sistema empotrado para ventiladores de techo\" class=\"\" srcset=\"https:\/\/faro.devserver.com.es\/wp-content\/uploads\/2026\/02\/recessedmountingsystem-farobarcelona6980.jpg 479w, https:\/\/faro.devserver.com.es\/wp-content\/uploads\/2026\/02\/recessedmountingsystem-farobarcelona6980-400x284.jpg 480w\" sizes=\"(max-width:479px) 479px, 100vw\" \/><span data-icon=\"\ue050\" class=\"et_overlay et_pb_inline_icon\"><\/span><\/a><\/div><h2 class=\"entry-title\"><a href=\"https:\/\/faro.devserver.com.es\/es\/asi-es-recessed-el-nuevo-sistema-empotrado-para-ventiladores-de-techo\/\">As\u00ed es Recessed, el nuevo sistema empotrado para ventiladores de techo<\/a><\/h2><p class=\"post-meta\"><\/p><div class=\"post-content\"><div class=\"post-content-inner\"><\/div><\/div><\/article><article class=\"et_pb_post et_pb_post_id_165349 clearfix et_pb_blog_item_0_1 post-165349 post type-post status-publish format-standard has-post-thumbnail hentry\"><div class=\"et_pb_image_container\"><a href=\"https:\/\/faro.devserver.com.es\/es\/ventiladores-compatibles-con-sistemas-0-10v-1-10v-integracion-total-para-tu-proyecto\/\" class=\"entry-featured-image-url\"><img loading=\"lazy\" decoding=\"async\" src=\"https:\/\/faro.devserver.com.es\/wp-content\/uploads\/2026\/02\/fantak282.jpg\" width=\"400\" height=\"284\" alt=\"Ventiladores compatibles con sistemas 0-10V \/ 1-10V: integraci\u00f3n total para tu proyecto\" class=\"\" srcset=\"https:\/\/faro.devserver.com.es\/wp-content\/uploads\/2026\/02\/fantak282.jpg 479w, https:\/\/faro.devserver.com.es\/wp-content\/uploads\/2026\/02\/fantak282-400x284.jpg 480w\" sizes=\"(max-width:479px) 479px, 100vw\" \/><span data-icon=\"\ue050\" class=\"et_overlay et_pb_inline_icon\"><\/span><\/a><\/div><h2 class=\"entry-title\"><a href=\"https:\/\/faro.devserver.com.es\/es\/ventiladores-compatibles-con-sistemas-0-10v-1-10v-integracion-total-para-tu-proyecto\/\">Ventiladores compatibles con sistemas 0-10V \/ 1-10V: integraci\u00f3n total para tu proyecto<\/a><\/h2><p class=\"post-meta\"><\/p><div class=\"post-content\"><div class=\"post-content-inner\"><\/div><\/div><\/article><article class=\"et_pb_post et_pb_post_id_165345 clearfix et_pb_blog_item_0_2 post-165345 post type-post status-publish format-standard has-post-thumbnail hentry\"><div class=\"et_pb_image_container\"><a href=\"https:\/\/faro.devserver.com.es\/es\/controladores-de-pared-para-ventiladores-de-techo-guia-para-elegir-el-mas-adecuado\/\" class=\"entry-featured-image-url\"><img loading=\"lazy\" decoding=\"async\" src=\"https:\/\/faro.devserver.com.es\/wp-content\/uploads\/2026\/02\/33373-lantau-project-ventilacion-mariavillalonstudio-lorenzosegu-albertomonteagudo1-persona222.jpg\" width=\"400\" height=\"284\" alt=\"Controladores de pared para ventiladores de techo: gu\u00eda para elegir el m\u00e1s adecuado\" class=\"\" srcset=\"https:\/\/faro.devserver.com.es\/wp-content\/uploads\/2026\/02\/33373-lantau-project-ventilacion-mariavillalonstudio-lorenzosegu-albertomonteagudo1-persona222.jpg 479w, https:\/\/faro.devserver.com.es\/wp-content\/uploads\/2026\/02\/33373-lantau-project-ventilacion-mariavillalonstudio-lorenzosegu-albertomonteagudo1-persona222-400x284.jpg 480w\" sizes=\"(max-width:479px) 479px, 100vw\" \/><span data-icon=\"\ue050\" class=\"et_overlay et_pb_inline_icon\"><\/span><\/a><\/div><h2 class=\"entry-title\"><a href=\"https:\/\/faro.devserver.com.es\/es\/controladores-de-pared-para-ventiladores-de-techo-guia-para-elegir-el-mas-adecuado\/\">Controladores de pared para ventiladores de techo: gu\u00eda para elegir el m\u00e1s adecuado<\/a><\/h2><p class=\"post-meta\"><\/p><div class=\"post-content\"><div class=\"post-content-inner\"><\/div><\/div><\/article><article class=\"et_pb_post et_pb_post_id_165343 clearfix et_pb_blog_item_0_3 post-165343 post type-post status-publish format-standard has-post-thumbnail hentry\"><div class=\"et_pb_image_container\"><a href=\"https:\/\/faro.devserver.com.es\/es\/ventilacion-inteligente-con-tuya-eficiencia-control-y-conectividad\/\" class=\"entry-featured-image-url\"><img loading=\"lazy\" decoding=\"async\" src=\"https:\/\/faro.devserver.com.es\/wp-content\/uploads\/2026\/02\/smarttuya186.jpg\" width=\"400\" height=\"284\" alt=\"Ventilaci\u00f3n inteligente con Tuya: eficiencia, control y conectividad\" class=\"\" srcset=\"https:\/\/faro.devserver.com.es\/wp-content\/uploads\/2026\/02\/smarttuya186.jpg 479w, https:\/\/faro.devserver.com.es\/wp-content\/uploads\/2026\/02\/smarttuya186-400x284.jpg 480w\" sizes=\"(max-width:479px) 479px, 100vw\" \/><span data-icon=\"\ue050\" class=\"et_overlay et_pb_inline_icon\"><\/span><\/a><\/div><h2 class=\"entry-title\"><a href=\"https:\/\/faro.devserver.com.es\/es\/ventilacion-inteligente-con-tuya-eficiencia-control-y-conectividad\/\">Ventilaci\u00f3n inteligente con Tuya: eficiencia, control y conectividad<\/a><\/h2><p class=\"post-meta\"><\/p><div class=\"post-content\"><div class=\"post-content-inner\"><\/div><\/div><\/article><article class=\"et_pb_post et_pb_post_id_165267 clearfix et_pb_blog_item_0_4 post-165267 post type-post status-publish format-standard has-post-thumbnail hentry\"><div class=\"et_pb_image_container\"><a href=\"https:\/\/faro.devserver.com.es\/es\/guia-rapida-para-encontrar-el-control-perfecto-para-tu-ventilador\/\" class=\"entry-featured-image-url\"><img loading=\"lazy\" decoding=\"async\" src=\"https:\/\/faro.devserver.com.es\/wp-content\/uploads\/2026\/02\/rotativospared454.jpg\" width=\"400\" height=\"284\" alt=\"Gu\u00eda r\u00e1pida para encontrar el control perfecto para tu ventilador\" class=\"\" srcset=\"https:\/\/faro.devserver.com.es\/wp-content\/uploads\/2026\/02\/rotativospared454.jpg 479w, https:\/\/faro.devserver.com.es\/wp-content\/uploads\/2026\/02\/rotativospared454-400x284.jpg 480w\" sizes=\"(max-width:479px) 479px, 100vw\" \/><span data-icon=\"\ue050\" class=\"et_overlay et_pb_inline_icon\"><\/span><\/a><\/div><h2 class=\"entry-title\"><a href=\"https:\/\/faro.devserver.com.es\/es\/guia-rapida-para-encontrar-el-control-perfecto-para-tu-ventilador\/\">Gu\u00eda r\u00e1pida para encontrar el control perfecto para tu ventilador<\/a><\/h2><p class=\"post-meta\"><\/p><div class=\"post-content\"><div class=\"post-content-inner\"><\/div><\/div><\/article><article class=\"et_pb_post et_pb_post_id_165137 clearfix et_pb_blog_item_0_5 post-165137 post type-post status-publish format-standard has-post-thumbnail hentry\"><div class=\"et_pb_image_container\"><a href=\"https:\/\/faro.devserver.com.es\/es\/iluminacion-para-cocinas-planificacion-tecnica-zonas-y-soluciones-profesionales\/\" class=\"entry-featured-image-url\"><img loading=\"lazy\" decoding=\"async\" src=\"https:\/\/faro.devserver.com.es\/wp-content\/uploads\/2026\/02\/fostrecessed-project-residencia-piarquitecturapilarpintadoizquierdo6276.jpg\" width=\"400\" height=\"284\" alt=\"Iluminaci\u00f3n para cocinas: planificaci\u00f3n t\u00e9cnica, zonas y soluciones profesionales\" class=\"\" srcset=\"https:\/\/faro.devserver.com.es\/wp-content\/uploads\/2026\/02\/fostrecessed-project-residencia-piarquitecturapilarpintadoizquierdo6276.jpg 479w, https:\/\/faro.devserver.com.es\/wp-content\/uploads\/2026\/02\/fostrecessed-project-residencia-piarquitecturapilarpintadoizquierdo6276-400x284.jpg 480w\" sizes=\"(max-width:479px) 479px, 100vw\" \/><span data-icon=\"\ue050\" class=\"et_overlay et_pb_inline_icon\"><\/span><\/a><\/div><h2 class=\"entry-title\"><a href=\"https:\/\/faro.devserver.com.es\/es\/iluminacion-para-cocinas-planificacion-tecnica-zonas-y-soluciones-profesionales\/\">Iluminaci\u00f3n para cocinas: planificaci\u00f3n t\u00e9cnica, zonas y soluciones profesionales<\/a><\/h2><p class=\"post-meta\"><\/p><div class=\"post-content\"><div class=\"post-content-inner\"><\/div><\/div><\/article><article class=\"et_pb_post et_pb_post_id_165171 clearfix et_pb_blog_item_0_6 post-165171 post type-post status-publish format-standard has-post-thumbnail hentry\"><div class=\"et_pb_image_container\"><a href=\"https:\/\/faro.devserver.com.es\/es\/proyecto-de-iluminacion-de-una-vivienda-claves-profesionales\/\" class=\"entry-featured-image-url\"><img loading=\"lazy\" decoding=\"async\" src=\"https:\/\/faro.devserver.com.es\/wp-content\/uploads\/2026\/02\/thumbnail-image3140.png\" width=\"400\" height=\"284\" alt=\"Proyecto de iluminaci\u00f3n de una vivienda: claves profesionales\" class=\"\" srcset=\"https:\/\/faro.devserver.com.es\/wp-content\/uploads\/2026\/02\/thumbnail-image3140.png 479w, https:\/\/faro.devserver.com.es\/wp-content\/uploads\/2026\/02\/thumbnail-image3140-400x284.png 480w\" sizes=\"(max-width:479px) 479px, 100vw\" \/><span data-icon=\"\ue050\" class=\"et_overlay et_pb_inline_icon\"><\/span><\/a><\/div><h2 class=\"entry-title\"><a href=\"https:\/\/faro.devserver.com.es\/es\/proyecto-de-iluminacion-de-una-vivienda-claves-profesionales\/\">Proyecto de iluminaci\u00f3n de una vivienda: claves profesionales<\/a><\/h2><p class=\"post-meta\"><\/p><div class=\"post-content\"><div class=\"post-content-inner\"><\/div><\/div><\/article><article class=\"et_pb_post et_pb_post_id_165353 clearfix et_pb_blog_item_0_7 post-165353 post type-post status-publish format-standard has-post-thumbnail hentry\"><div class=\"et_pb_image_container\"><a href=\"https:\/\/faro.devserver.com.es\/es\/como-iluminar-un-jardin-ideas-y-consejos\/\" class=\"entry-featured-image-url\"><img loading=\"lazy\" decoding=\"async\" src=\"https:\/\/faro.devserver.com.es\/wp-content\/uploads\/2026\/02\/espot71947garden991.jpg\" width=\"400\" height=\"284\" alt=\"C\u00f3mo iluminar un jard\u00edn: ideas y consejos\" class=\"\" srcset=\"https:\/\/faro.devserver.com.es\/wp-content\/uploads\/2026\/02\/espot71947garden991.jpg 479w, https:\/\/faro.devserver.com.es\/wp-content\/uploads\/2026\/02\/espot71947garden991-400x284.jpg 480w\" sizes=\"(max-width:479px) 479px, 100vw\" \/><span data-icon=\"\ue050\" class=\"et_overlay et_pb_inline_icon\"><\/span><\/a><\/div><h2 class=\"entry-title\"><a href=\"https:\/\/faro.devserver.com.es\/es\/como-iluminar-un-jardin-ideas-y-consejos\/\">C\u00f3mo iluminar un jard\u00edn: ideas y consejos<\/a><\/h2><p class=\"post-meta\"><\/p><div class=\"post-content\"><div class=\"post-content-inner\"><\/div><\/div><\/article><article class=\"et_pb_post et_pb_post_id_165233 clearfix et_pb_blog_item_0_8 post-165233 post type-post status-publish format-standard has-post-thumbnail hentry\"><div class=\"et_pb_image_container\"><a href=\"https:\/\/faro.devserver.com.es\/es\/luz-y-diseno-10-claves-para-una-iluminacion-bien-integrada\/\" class=\"entry-featured-image-url\"><img loading=\"lazy\" decoding=\"async\" src=\"https:\/\/faro.devserver.com.es\/wp-content\/uploads\/2026\/02\/luz-y-diseno961.jpg\" width=\"400\" height=\"284\" alt=\"Luz y dise\u00f1o: 10 claves para una iluminaci\u00f3n bien integrada\" class=\"\" srcset=\"https:\/\/faro.devserver.com.es\/wp-content\/uploads\/2026\/02\/luz-y-diseno961.jpg 479w, https:\/\/faro.devserver.com.es\/wp-content\/uploads\/2026\/02\/luz-y-diseno961-400x284.jpg 480w\" sizes=\"(max-width:479px) 479px, 100vw\" \/><span data-icon=\"\ue050\" class=\"et_overlay et_pb_inline_icon\"><\/span><\/a><\/div><h2 class=\"entry-title\"><a href=\"https:\/\/faro.devserver.com.es\/es\/luz-y-diseno-10-claves-para-una-iluminacion-bien-integrada\/\">Luz y dise\u00f1o: 10 claves para una iluminaci\u00f3n bien integrada<\/a><\/h2><p class=\"post-meta\"><\/p><div class=\"post-content\"><div class=\"post-content-inner\"><\/div><\/div><\/article><\/div><div class='wp-pagenavi' role='navigation'>\n<span class='pages'>P\u00e1gina 1 de 18<\/span><span aria-current='page' class='current'>1<\/span><a class=\"page larger\" title=\"P\u00e1gina 2\" href=\"https:\/\/faro.devserver.com.es\/es\/wp-json\/wp\/v2\/pages\/104210\/page\/2\/?et_blog\">2<\/a><a class=\"page larger\" title=\"P\u00e1gina 3\" href=\"https:\/\/faro.devserver.com.es\/es\/wp-json\/wp\/v2\/pages\/104210\/page\/3\/?et_blog\">3<\/a><a class=\"page larger\" title=\"P\u00e1gina 4\" href=\"https:\/\/faro.devserver.com.es\/es\/wp-json\/wp\/v2\/pages\/104210\/page\/4\/?et_blog\">4<\/a><a class=\"page larger\" title=\"P\u00e1gina 5\" href=\"https:\/\/faro.devserver.com.es\/es\/wp-json\/wp\/v2\/pages\/104210\/page\/5\/?et_blog\">5<\/a><span class='extend'>...<\/span><a class=\"larger page\" title=\"P\u00e1gina 10\" href=\"https:\/\/faro.devserver.com.es\/es\/wp-json\/wp\/v2\/pages\/104210\/page\/10\/?et_blog\">10<\/a><span class='extend'>...<\/span><a class=\"nextpostslink\" rel=\"next\" aria-label=\"P\u00e1gina siguiente\" href=\"https:\/\/faro.devserver.com.es\/es\/wp-json\/wp\/v2\/pages\/104210\/page\/2\/?et_blog\">\u00bb<\/a><a class=\"last\" aria-label=\"Last Page\" href=\"https:\/\/faro.devserver.com.es\/es\/wp-json\/wp\/v2\/pages\/104210\/page\/18\/?et_blog\">Last \u00bb<\/a>\n<\/div><\/div><\/div>\n<\/div>\n<\/div>\n<\/div>","protected":false},"excerpt":{"rendered":"","protected":false},"author":1,"featured_media":0,"parent":0,"menu_order":0,"comment_status":"closed","ping_status":"closed","template":"","meta":{"_acf_changed":false,"footnotes":""},"class_list":["post-104210","page","type-page","status-publish","hentry"],"acf":[],"_links":{"self":[{"href":"https:\/\/faro.devserver.com.es\/es\/wp-json\/wp\/v2\/pages\/104210","targetHints":{"allow":["GET"]}}],"collection":[{"href":"https:\/\/faro.devserver.com.es\/es\/wp-json\/wp\/v2\/pages"}],"about":[{"href":"https:\/\/faro.devserver.com.es\/es\/wp-json\/wp\/v2\/types\/page"}],"author":[{"embeddable":true,"href":"https:\/\/faro.devserver.com.es\/es\/wp-json\/wp\/v2\/users\/1"}],"replies":[{"embeddable":true,"href":"https:\/\/faro.devserver.com.es\/es\/wp-json\/wp\/v2\/comments?post=104210"}],"version-history":[{"count":10,"href":"https:\/\/faro.devserver.com.es\/es\/wp-json\/wp\/v2\/pages\/104210\/revisions"}],"predecessor-version":[{"id":162966,"href":"https:\/\/faro.devserver.com.es\/es\/wp-json\/wp\/v2\/pages\/104210\/revisions\/162966"}],"wp:attachment":[{"href":"https:\/\/faro.devserver.com.es\/es\/wp-json\/wp\/v2\/media?parent=104210"}],"curies":[{"name":"wp","href":"https:\/\/api.w.org\/{rel}","templated":true}]}}