{"id":104091,"date":"2025-10-23T11:45:55","date_gmt":"2025-10-23T11:45:55","guid":{"rendered":"https:\/\/faro.devserver.com.es\/?page_id=104091"},"modified":"2026-01-15T18:38:58","modified_gmt":"2026-01-15T18:38:58","slug":"calidad","status":"publish","type":"page","link":"https:\/\/faro.devserver.com.es\/es\/servicios\/calidad\/","title":{"rendered":"Calidad"},"content":{"rendered":"<div class=\"et_pb_section_0 et_pb_section et_section_regular et_flex_section\">\n<div class=\"et_pb_row_0 et_pb_row et_flex_row\">\n<div class=\"et_pb_column_0 et_pb_column et-last-child et_flex_column et_pb_css_mix_blend_mode_passthrough et_flex_column_24_24 et_flex_column_24_24_tablet et_flex_column_24_24_phone\">\n<div class=\"et_pb_heading_0 et_pb_heading et_pb_module et_flex_module\"><div class=\"et_pb_heading_container\"><h1 class=\"et_pb_module_header\">Calidad<\/h1><\/div><\/div>\n<\/div>\n<\/div>\n<\/div>\n\n<div class=\"et_pb_section_1 et_pb_section et_section_regular et_flex_section\">\n<div class=\"et_pb_row_1 et_pb_row et_flex_row et_animated\">\n<div class=\"et_pb_column_1 et_pb_column et-last-child et_flex_column et_pb_css_mix_blend_mode_passthrough et_flex_column_24_24 et_flex_column_24_24_tablet et_flex_column_24_24_phone\">\n<div class=\"et_pb_text_0 et_pb_text et_pb_bg_layout_light et_pb_module et_flex_module\"><div class=\"et_pb_text_inner\"><div id=\"panel_texto91_14\" class=\"panel_texto\" data-title=\"Texto\">\n<section class=\"mdl-texto\">\n<div class=\"m-content\">\n<div class=\"m-text\">\n<p><span style=\"color: #333333;\">\u00a0<\/span><span style=\"color: #333333;\">En Faro Barcelona controlamos la calidad de nuestros productos y servicios en todas las fases: desde la conceptualizaci\u00f3n y el dise\u00f1o hasta los ensayos de funcionalidad y fiabilidad. Hemos implementado un sistema de gesti\u00f3n de calidad basado en la ISO9001. Cumplimiento legislativo de las normativas de seguridad bajo la EN60598 y la normativa de eficiencia energ\u00e9tica ERP. Trabajamos con las primeras marcas de componentes, equipos y \u00f3pticas (Tridonic, TCI, Vossloh, Osram, Citizen, CREE, Bridgelux, LEDil). La garant\u00eda de nuestros productos es de 3 a\u00f1os a excepci\u00f3n del cat\u00e1logo ARCHITECTURAL que tienen una garant\u00eda de 5 a\u00f1os y son ensamblados en nuestra sede.<\/span><\/p>\n<p><span style=\"color: #333333;\">\u00a0<\/span><\/p>\n<\/div>\n<\/div>\n<\/section>\n<\/div>\n<div id=\"panel_texto91_4\" class=\"panel_texto\" data-title=\"Texto\n\"><\/p>\n<section class=\"mdl-texto\">\n<div class=\"m-content\">\n<div class=\"m-text\">\n<p><span style=\"color: #333333;\">Hemos inaugurado el Q-LAB, el\u00a0<strong>nuevo laboratorio de calidad\u00a0<\/strong>de Faro Barcelona, un espacio donde realizamos\u00a0<strong>todas las mediciones de nuestros productos<\/strong>\u00a0y garantizar as\u00ed la m\u00e1xima calidad a nuestros clientes.\u00a0<\/span><\/p>\n<\/div>\n<\/div>\n<\/section>\n<\/div>\n<\/div><\/div>\n<\/div>\n<\/div>\n<\/div>\n\n<div class=\"et_pb_section_2 et_pb_section et_section_regular et_flex_section et-pb-has-background-video et_pb_preload\"><span class=\"et-pb-background-video\"><video autoplay loop playsinline muted><source type=\"video\/mp4\" src=\"https:\/\/faro.devserver.com.es\/wp-content\/uploads\/2025\/11\/videoplayback.mp4\" \/><\/video><\/span><\/div>\n\n<div class=\"et_pb_section_3 et_pb_section et_section_regular et_flex_section\">\n<div class=\"et_pb_row_2 et_pb_row et_flex_row et_animated\">\n<div class=\"et_pb_column_2 et_pb_column et_flex_column et_pb_css_mix_blend_mode_passthrough et_flex_column_12_24 et_flex_column_12_24_tablet et_flex_column_24_24_phone\">\n<div class=\"et_pb_text_1 et_pb_text et_pb_bg_layout_light et_pb_module et_flex_module\"><div class=\"et_pb_text_inner\"><p><span style=\"color: #000000;\">Q-LAB es un espacio de 320m que nos permite\u00a0<strong>triplicar nuestra capacidad de medici\u00f3n<\/strong>\u00a0y calibrar todos los par\u00e1metros de luminarias y ventiladores de techo de nuestro cat\u00e1logo. El Q-LAB est\u00e1 estructurado en<strong>\u00a05 secciones:<\/strong><\/span><span style=\"color: #000000;\"><strong><\/strong><\/span><\/p>\n<p><span style=\"color: #000000;\"><strong><\/strong><\/span><\/p>\n<ul>\n<li style=\"list-style-type: none;\">\n<ul>\n<li><span style=\"color: #000000;\">Laboratorio param\u00e9trico<\/span><\/li>\n<li><span style=\"color: #000000;\">Laboratorio para Inspecci\u00f3n de Calidad<\/span><\/li>\n<li><span style=\"color: #000000;\">Servicio t\u00e9cnico al Cliente (SAT)<\/span><\/li>\n<li><span style=\"color: #000000;\">Laboratorio de Ventilaci\u00f3n<\/span><\/li>\n<li><span style=\"color: #000000;\">Laboratorio de ensayos ambientales<\/span><\/li>\n<\/ul>\n<\/li>\n<\/ul>\n<\/div><\/div>\n<\/div>\n\n<div class=\"et_pb_column_3 et_pb_column et-last-child et_flex_column et_pb_css_mix_blend_mode_passthrough et_flex_column_12_24 et_flex_column_12_24_tablet et_flex_column_24_24_phone\">\n<div class=\"et_pb_row_3 et_pb_row et_pb_row_nested et_flex_row\">\n<div class=\"et_pb_column_4 et_pb_column et-last-child et_flex_column et_pb_css_mix_blend_mode_passthrough et_flex_column_24_24 et_flex_column_24_24_tablet et_flex_column_24_24_phone\">\n<div class=\"et_pb_row_4 et_pb_row et_pb_row_nested et_grid_row\">\n<div class=\"et_pb_column_5 et_pb_column et_flex_column et_pb_column_empty et_pb_css_mix_blend_mode_passthrough\"><\/div>\n\n<div class=\"et_pb_column_6 et_pb_column et_flex_column et_pb_css_mix_blend_mode_passthrough\">\n<div class=\"et_pb_image_0 et_pb_image et_pb_module et_flex_module\"><span class=\"et_pb_image_wrap\"><img loading=\"lazy\" decoding=\"async\" src=\"https:\/\/faro.devserver.com.es\/wp-content\/uploads\/2025\/11\/650x650-0007-rb-6021r353-4ccf947b702d4c8828c4aa5d72929655.webp\" width=\"641\" height=\"641\" srcset=\"https:\/\/faro.devserver.com.es\/wp-content\/uploads\/2025\/11\/650x650-0007-rb-6021r353-4ccf947b702d4c8828c4aa5d72929655.webp 641w, https:\/\/faro.devserver.com.es\/wp-content\/uploads\/2025\/11\/650x650-0007-rb-6021r353-4ccf947b702d4c8828c4aa5d72929655-480x480.webp 480w\" sizes=\"(min-width: 0px) and (max-width: 480px) 480px, (min-width: 481px) 641px, 100vw\" class=\"wp-image-124296\" \/><\/span><\/div>\n<\/div>\n\n<div class=\"et_pb_column_7 et_pb_column et_flex_column et_pb_css_mix_blend_mode_passthrough\">\n<div class=\"et_pb_image_1 et_pb_image et_pb_module et_flex_module\"><span class=\"et_pb_image_wrap\"><img loading=\"lazy\" decoding=\"async\" src=\"https:\/\/faro.devserver.com.es\/wp-content\/uploads\/2025\/11\/650x650-calidad680-2015cd8861434852ac24fa2439eab192.webp\" width=\"641\" height=\"641\" srcset=\"https:\/\/faro.devserver.com.es\/wp-content\/uploads\/2025\/11\/650x650-calidad680-2015cd8861434852ac24fa2439eab192.webp 641w, https:\/\/faro.devserver.com.es\/wp-content\/uploads\/2025\/11\/650x650-calidad680-2015cd8861434852ac24fa2439eab192-480x480.webp 480w\" sizes=\"(min-width: 0px) and (max-width: 480px) 480px, (min-width: 481px) 641px, 100vw\" class=\"wp-image-124295\" \/><\/span><\/div>\n<\/div>\n\n<div class=\"et_pb_column_8 et_pb_column et-last-child et_flex_column et_pb_column_empty et_pb_css_mix_blend_mode_passthrough\"><\/div>\n<\/div>\n<\/div>\n<\/div>\n<\/div>\n<\/div>\n\n<div class=\"et_pb_row_5 et_pb_row et_flex_row et_animated\">\n<div class=\"et_pb_column_9 et_pb_column et_flex_column et_pb_css_mix_blend_mode_passthrough et_flex_column_12_24 et_flex_column_12_24_tablet et_flex_column_24_24_phone\">\n<div class=\"et_pb_image_2 et_pb_image et_pb_module et_flex_module\"><span class=\"et_pb_image_wrap\"><img loading=\"lazy\" decoding=\"async\" src=\"https:\/\/faro.devserver.com.es\/wp-content\/uploads\/2025\/11\/1074x1074-0006-rb-6041r383-90e3562967f3a9b84991469ce0f5e04c.webp\" width=\"537\" height=\"537\" srcset=\"https:\/\/faro.devserver.com.es\/wp-content\/uploads\/2025\/11\/1074x1074-0006-rb-6041r383-90e3562967f3a9b84991469ce0f5e04c.webp 537w, https:\/\/faro.devserver.com.es\/wp-content\/uploads\/2025\/11\/1074x1074-0006-rb-6041r383-90e3562967f3a9b84991469ce0f5e04c-480x480.webp 480w\" sizes=\"(min-width: 0px) and (max-width: 480px) 480px, (min-width: 481px) 537px, 100vw\" class=\"wp-image-124299\" \/><\/span><\/div>\n<\/div>\n\n<div class=\"et_pb_column_10 et_pb_column et_flex_column et_pb_css_mix_blend_mode_passthrough et_flex_column_12_24 et_flex_column_12_24_tablet et_flex_column_24_24_phone\">\n<div class=\"et_pb_heading_1 et_pb_heading et_pb_module et_flex_module\"><div class=\"et_pb_heading_container\"><h1 class=\"et_pb_module_header\">Laboratorio param\u00e9trico\n<\/h1><\/div><\/div>\n<\/div>\n\n<div class=\"et_pb_column_11 et_pb_column et_flex_column et_pb_css_mix_blend_mode_passthrough et_flex_column_12_24 et_flex_column_12_24_tablet et_flex_column_24_24_phone\">\n<div class=\"et_pb_image_3 et_pb_image et_pb_module et_flex_module\"><span class=\"et_pb_image_wrap\"><img loading=\"lazy\" decoding=\"async\" src=\"https:\/\/faro.devserver.com.es\/wp-content\/uploads\/2025\/11\/650x650-0005-rb-6136r207-8684cb173952095dc9a43865bfd49ad7.webp\" width=\"265\" height=\"265\" srcset=\"https:\/\/faro.devserver.com.es\/wp-content\/uploads\/2025\/11\/650x650-0005-rb-6136r207-8684cb173952095dc9a43865bfd49ad7.webp 265w, https:\/\/faro.devserver.com.es\/wp-content\/uploads\/2025\/11\/650x650-0005-rb-6136r207-8684cb173952095dc9a43865bfd49ad7-150x150.webp 150w\" sizes=\"(max-width: 265px) 100vw, 265px\" class=\"wp-image-124300\" \/><\/span><\/div>\n<\/div>\n\n<div class=\"et_pb_column_12 et_pb_column et-last-child et_flex_column et_pb_css_mix_blend_mode_passthrough et_flex_column_12_24 et_flex_column_12_24_tablet et_flex_column_24_24_phone\">\n<div class=\"et_pb_text_2 et_pb_text et_pb_bg_layout_light et_pb_module et_flex_module\"><div class=\"et_pb_text_inner\"><p><span style=\"color: #000000;\">En esta secci\u00f3n\u00a0<strong>medimos todos los par\u00e1metros de nuestras luminarias<\/strong>\u00a0para asegurar que cumplen con sus especificaciones.\u00a0Para ello disponemos de los siguientes equipos:<\/span><\/p>\n<p><span style=\"color: #000000;\"><\/span><\/p>\n<ul>\n<li style=\"list-style-type: none;\">\n<ul>\n<li style=\"list-style-type: none;\">\n<ul>\n<li style=\"list-style-type: none;\">\n<ul>\n<li aria-level=\"1\"><span style=\"color: #000000;\"><strong>Esfera Integradora de 1,5 metros<\/strong>\u00a0para realizar espectrometr\u00edas, medici\u00f3n del flicker y de la eficiencia energ\u00e9tica de las luminarias.<\/span><\/li>\n<li aria-level=\"1\"><span style=\"color: #000000;\"><strong>Goniofot\u00f3metro de alta precisi\u00f3n<\/strong>\u00a0en sala de 12 metros de longitud para realizar fotometr\u00edas de luminarias.<\/span><\/li>\n<li aria-level=\"1\"><span style=\"color: #000000;\"><strong>Seguridad el\u00e9ctrica<\/strong>: medidores de continuidad el\u00e9ctrica y corriente de fugas de alta resoluci\u00f3n.<\/span><\/li>\n<li aria-level=\"1\"><span style=\"color: #000000;\"><strong>C\u00e1mara clim\u00e1tica<\/strong>\u00a0para ensayos de endurancia a diferentes condiciones de temperatura y humedad.<\/span><\/li>\n<li aria-level=\"1\"><span style=\"color: #000000;\"><strong>Medidor de IK<\/strong>: para mesurar el grado de resistencia a impactos de los difusores de las luminarias.<\/span><\/li>\n<\/ul>\n<\/li>\n<\/ul>\n<\/li>\n<\/ul>\n<\/li>\n<\/ul>\n<\/div><\/div>\n<\/div>\n<\/div>\n\n<div class=\"et_pb_row_6 et_pb_row et_flex_row et_animated\">\n<div class=\"et_pb_column_13 et_pb_column et_flex_column et_pb_css_mix_blend_mode_passthrough et_flex_column_12_24 et_flex_column_12_24_tablet et_flex_column_24_24_phone\">\n<div class=\"et_pb_text_3 et_pb_text et_pb_bg_layout_light et_pb_module et_flex_module\"><div class=\"et_pb_text_inner\"><header>\n<h2><span style=\"color: #000000;\">Laboratorio para Inspecci\u00f3n de Calidad<\/span><\/h2>\n<p><span style=\"color: #000000;\"><\/span><\/p>\n<\/header>\n<div>\n<div class=\"sta-see_more\">\n<section data-mas=\"Ver m\u00e1s\" data-menos=\"Ver menos\" s_see_more-data=\",,,\" data-lines=\"5\" data-altura=\"28.046875\" data-alturaoriginal=\"140.234375\" class=\"s_see_more-content\">\n<p><span style=\"color: #333333;\">En esta secci\u00f3n realizamos un\u00a0<span style=\"color: #000000;\"><strong>muestreo de los lotes acabados de luminarias<\/strong><\/span>\u00a0para asegurar el cumplimiento de los requisitos del cliente en cuanto a aspectos de montaje, est\u00e9ticos, funcionales y de seguridad.<\/span><\/p>\n<p><span style=\"color: #333333;\">En esta secci\u00f3n analizamos los productos para efectuar mejoras y de esta forma asegurarnos que el producto ofrece el mejor rendimiento.<\/span><\/p>\n<\/section>\n<\/div>\n<\/div>\n<\/div><\/div>\n<\/div>\n\n<div class=\"et_pb_column_14 et_pb_column et-last-child et_flex_column et_pb_css_mix_blend_mode_passthrough et_flex_column_12_24 et_flex_column_12_24_tablet et_flex_column_24_24_phone\">\n<div class=\"et_pb_image_4 et_pb_image et_pb_module et_flex_module\"><span class=\"et_pb_image_wrap\"><img loading=\"lazy\" decoding=\"async\" src=\"https:\/\/faro.devserver.com.es\/wp-content\/uploads\/2025\/11\/650x650-0004-rb-6026r554-ffc5b312e80e3e6b0ee50f9e04217eda.webp\" width=\"641\" height=\"641\" srcset=\"https:\/\/faro.devserver.com.es\/wp-content\/uploads\/2025\/11\/650x650-0004-rb-6026r554-ffc5b312e80e3e6b0ee50f9e04217eda.webp 641w, https:\/\/faro.devserver.com.es\/wp-content\/uploads\/2025\/11\/650x650-0004-rb-6026r554-ffc5b312e80e3e6b0ee50f9e04217eda-480x480.webp 480w\" sizes=\"(min-width: 0px) and (max-width: 480px) 480px, (min-width: 481px) 641px, 100vw\" class=\"wp-image-124301\" \/><\/span><\/div>\n<\/div>\n<\/div>\n\n<div class=\"et_pb_row_7 et_pb_row et_flex_row et_animated\">\n<div class=\"et_pb_column_15 et_pb_column et_flex_column et_pb_css_mix_blend_mode_passthrough et_flex_column_12_24 et_flex_column_12_24_tablet et_flex_column_24_24_phone\">\n<div class=\"et_pb_image_5 et_pb_image et_pb_module et_flex_module\"><span class=\"et_pb_image_wrap\"><img loading=\"lazy\" decoding=\"async\" src=\"https:\/\/faro.devserver.com.es\/wp-content\/uploads\/2025\/11\/1074x1074-0003-rb-6148r641-5f5046eceb339975c3c1346fa8c41b00.webp\" width=\"537\" height=\"537\" srcset=\"https:\/\/faro.devserver.com.es\/wp-content\/uploads\/2025\/11\/1074x1074-0003-rb-6148r641-5f5046eceb339975c3c1346fa8c41b00.webp 537w, https:\/\/faro.devserver.com.es\/wp-content\/uploads\/2025\/11\/1074x1074-0003-rb-6148r641-5f5046eceb339975c3c1346fa8c41b00-480x480.webp 480w\" sizes=\"(min-width: 0px) and (max-width: 480px) 480px, (min-width: 481px) 537px, 100vw\" class=\"wp-image-124302\" \/><\/span><\/div>\n<\/div>\n\n<div class=\"et_pb_column_16 et_pb_column et-last-child et_flex_column et_pb_css_mix_blend_mode_passthrough et_flex_column_12_24 et_flex_column_12_24_tablet et_flex_column_24_24_phone\">\n<div class=\"et_pb_text_4 et_pb_text et_pb_bg_layout_light et_pb_module et_flex_module\"><div class=\"et_pb_text_inner\"><header>\n<h1>Servicio t\u00e9cnico al Cliente (SAT)<\/h1>\n<p>&nbsp;<\/p>\n<\/header>\n<section>\n<p><span>Nuestro servicio t\u00e9cnico de atenci\u00f3n al cliente (SAT) se encarga de las verificaciones y el mantenimiento o reparaci\u00f3n de los productos.<\/span><\/p>\n<\/section>\n<\/div><\/div>\n<\/div>\n<\/div>\n\n<div class=\"et_pb_row_8 et_pb_row et_flex_row et_animated\">\n<div class=\"et_pb_column_17 et_pb_column et_flex_column et_pb_css_mix_blend_mode_passthrough et_flex_column_12_24 et_flex_column_12_24_tablet et_flex_column_24_24_phone\">\n<div class=\"et_pb_text_5 et_pb_text et_pb_bg_layout_light et_pb_module et_flex_module\"><div class=\"et_pb_text_inner\"><header>\n<h1>Laboratorio de Ventilaci\u00f3n<\/h1>\n<p>&nbsp;<\/p>\n<\/header>\n<div>\n<div class=\"sta-see_more\">\n<section data-mas=\"Ver m\u00e1s\" data-menos=\"Ver menos\" s_see_more-data=\",,,\" data-lines=\"12.565459610027855\" data-altura=\"28.046875\" data-alturaoriginal=\"352.421875\" class=\"s_see_more-content\">\n<p><span>En el laboratorio de ventilaci\u00f3n llevamos a cabo:<\/span><\/p>\n<p><span><\/span><\/p>\n<ul>\n<li style=\"list-style-type: none;\">\n<ul>\n<li style=\"list-style-type: none;\">\n<ul>\n<li aria-level=\"1\"><strong><span style=\"color: #000000;\">Muestreos de los lotes acabados de ventilaci\u00f3n<\/span><span>\u00a0<\/span><\/strong><span>para garantizar el cumplimiento de los requisitos del cliente en cuanto a aspectos de montaje, est\u00e9ticos, funcionales y de seguridad.<\/span><\/li>\n<li aria-level=\"1\"><span style=\"color: #000000;\"><strong>Mediciones del nivel de ruido<\/strong>,\u00a0<strong>RPM<\/strong><\/span><span>\u00a0(revoluciones por minuto de giro) y\u00a0<\/span><strong>airflow<\/strong><span>.<\/span><\/li>\n<li aria-level=\"1\"><span style=\"color: #000000;\"><strong>Pruebas de vida<\/strong><\/span><\/li>\n<\/ul>\n<\/li>\n<\/ul>\n<\/li>\n<\/ul>\n<\/section>\n<\/div>\n<\/div>\n<\/div><\/div>\n<\/div>\n\n<div class=\"et_pb_column_18 et_pb_column et-last-child et_flex_column et_pb_css_mix_blend_mode_passthrough et_flex_column_12_24 et_flex_column_12_24_tablet et_flex_column_24_24_phone\">\n<div class=\"et_pb_image_6 et_pb_image et_pb_module et_flex_module\"><span class=\"et_pb_image_wrap\"><img loading=\"lazy\" decoding=\"async\" src=\"https:\/\/faro.devserver.com.es\/wp-content\/uploads\/2025\/11\/650x650-0002-rb-6160r549-c4df759a48e0524d8196779b65acf824.webp\" width=\"641\" height=\"641\" srcset=\"https:\/\/faro.devserver.com.es\/wp-content\/uploads\/2025\/11\/650x650-0002-rb-6160r549-c4df759a48e0524d8196779b65acf824.webp 641w, https:\/\/faro.devserver.com.es\/wp-content\/uploads\/2025\/11\/650x650-0002-rb-6160r549-c4df759a48e0524d8196779b65acf824-480x480.webp 480w\" sizes=\"(min-width: 0px) and (max-width: 480px) 480px, (min-width: 481px) 641px, 100vw\" class=\"wp-image-124303\" \/><\/span><\/div>\n<\/div>\n<\/div>\n\n<div class=\"et_pb_row_9 et_pb_row et_flex_row et_animated\">\n<div class=\"et_pb_column_19 et_pb_column et_flex_column et_pb_css_mix_blend_mode_passthrough et_flex_column_12_24 et_flex_column_12_24_tablet et_flex_column_24_24_phone\">\n<div class=\"et_pb_image_7 et_pb_image et_pb_module et_flex_module\"><span class=\"et_pb_image_wrap\"><img loading=\"lazy\" decoding=\"async\" src=\"https:\/\/faro.devserver.com.es\/wp-content\/uploads\/2025\/11\/1074x1074-0001-rb-5917r256-b4c55dedb9b5c687314c3fd491f8e811.webp\" width=\"537\" height=\"537\" srcset=\"https:\/\/faro.devserver.com.es\/wp-content\/uploads\/2025\/11\/1074x1074-0001-rb-5917r256-b4c55dedb9b5c687314c3fd491f8e811.webp 537w, https:\/\/faro.devserver.com.es\/wp-content\/uploads\/2025\/11\/1074x1074-0001-rb-5917r256-b4c55dedb9b5c687314c3fd491f8e811-480x480.webp 480w\" sizes=\"(min-width: 0px) and (max-width: 480px) 480px, (min-width: 481px) 537px, 100vw\" class=\"wp-image-124304\" \/><\/span><\/div>\n<\/div>\n\n<div class=\"et_pb_column_20 et_pb_column et_flex_column et_pb_css_mix_blend_mode_passthrough et_flex_column_12_24 et_flex_column_12_24_tablet et_flex_column_24_24_phone\">\n<div class=\"et_pb_text_6 et_pb_text et_pb_bg_layout_light et_pb_module et_flex_module\"><div class=\"et_pb_text_inner\"><h1 class=\"m-imgs\"><span style=\"color: #000000;\">Laboratorio de ensayos ambientales<\/span><\/h1>\n<p>&nbsp;<\/p>\n<article>\n<section>\n<p><span>En esta secci\u00f3n\u00a0<\/span><strong><span style=\"color: #000000;\">exponemos a los productos a condiciones ambientales extremas<\/span><\/strong><span>\u00a0para asegurar su estanqueidad al polvo y al agua y su resistencia a la corrosi\u00f3n.<\/span><\/p>\n<p><span>Es por eso que disponemos de los siguientes equipos:<\/span><\/p>\n<ul>\n<li style=\"list-style-type: none;\">\n<ul>\n<li aria-level=\"1\"><span style=\"color: #000000;\"><strong>Arco oscilante<\/strong><\/span><span>: para comprobar el \u00cdndice de Protecci\u00f3n (IP) al agua de los productos.\u00a0<\/span><\/li>\n<li aria-level=\"1\"><span>Cabina para\u00a0<span style=\"color: #000000;\"><strong>verificar el \u00cdndice de Protecci\u00f3n (IP) al polvo<\/strong><\/span>\u00a0de los productos.<\/span><\/li>\n<li aria-level=\"1\"><span><span style=\"color: #000000;\"><strong>C\u00e1mara niebla salina<\/strong>:<\/span> para medir la resistencia a la corrosi\u00f3n.<\/span><\/li>\n<\/ul>\n<\/li>\n<\/ul>\n<\/section>\n<\/article>\n<\/div><\/div>\n<\/div>\n\n<div class=\"et_pb_column_21 et_pb_column et_flex_column et_pb_css_mix_blend_mode_passthrough et_flex_column_12_24 et_flex_column_12_24_tablet et_flex_column_24_24_phone\">\n<div class=\"et_pb_image_8 et_pb_image et_pb_module et_flex_module\"><span class=\"et_pb_image_wrap\"><img loading=\"lazy\" decoding=\"async\" src=\"https:\/\/faro.devserver.com.es\/wp-content\/uploads\/2025\/11\/650x650-0001-rb-5870r871-bf2f83395e3eb5d6a35cebf273eda8ad.webp\" width=\"265\" height=\"265\" srcset=\"https:\/\/faro.devserver.com.es\/wp-content\/uploads\/2025\/11\/650x650-0001-rb-5870r871-bf2f83395e3eb5d6a35cebf273eda8ad.webp 265w, https:\/\/faro.devserver.com.es\/wp-content\/uploads\/2025\/11\/650x650-0001-rb-5870r871-bf2f83395e3eb5d6a35cebf273eda8ad-150x150.webp 150w\" sizes=\"(max-width: 265px) 100vw, 265px\" class=\"wp-image-124305\" \/><\/span><\/div>\n<\/div>\n\n<div class=\"et_pb_column_22 et_pb_column et-last-child et_flex_column et_pb_css_mix_blend_mode_passthrough et_flex_column_12_24 et_flex_column_12_24_tablet et_flex_column_24_24_phone\">\n<div class=\"et_pb_text_7 et_pb_text et_pb_bg_layout_light et_pb_module et_flex_module\"><div class=\"et_pb_text_inner\"><p><span>Con esta importante ampliaci\u00f3n del Q-LAB reforzamos la apuesta de Faro Barcelona por la calidad para seguir ofreciendo soluciones pensando en el bienestar de las personas.<\/span><\/p>\n<\/div><\/div>\n<\/div>\n<\/div>\n<\/div>","protected":false},"excerpt":{"rendered":"","protected":false},"author":1,"featured_media":0,"parent":117896,"menu_order":0,"comment_status":"closed","ping_status":"closed","template":"","meta":{"_acf_changed":false,"footnotes":""},"class_list":["post-104091","page","type-page","status-publish","hentry"],"acf":[],"_links":{"self":[{"href":"https:\/\/faro.devserver.com.es\/es\/wp-json\/wp\/v2\/pages\/104091","targetHints":{"allow":["GET"]}}],"collection":[{"href":"https:\/\/faro.devserver.com.es\/es\/wp-json\/wp\/v2\/pages"}],"about":[{"href":"https:\/\/faro.devserver.com.es\/es\/wp-json\/wp\/v2\/types\/page"}],"author":[{"embeddable":true,"href":"https:\/\/faro.devserver.com.es\/es\/wp-json\/wp\/v2\/users\/1"}],"replies":[{"embeddable":true,"href":"https:\/\/faro.devserver.com.es\/es\/wp-json\/wp\/v2\/comments?post=104091"}],"version-history":[{"count":10,"href":"https:\/\/faro.devserver.com.es\/es\/wp-json\/wp\/v2\/pages\/104091\/revisions"}],"predecessor-version":[{"id":162941,"href":"https:\/\/faro.devserver.com.es\/es\/wp-json\/wp\/v2\/pages\/104091\/revisions\/162941"}],"up":[{"embeddable":true,"href":"https:\/\/faro.devserver.com.es\/es\/wp-json\/wp\/v2\/pages\/117896"}],"wp:attachment":[{"href":"https:\/\/faro.devserver.com.es\/es\/wp-json\/wp\/v2\/media?parent=104091"}],"curies":[{"name":"wp","href":"https:\/\/api.w.org\/{rel}","templated":true}]}}