{"id":104077,"date":"2025-10-23T11:08:25","date_gmt":"2025-10-23T11:08:25","guid":{"rendered":"https:\/\/faro.devserver.com.es\/?page_id=104077"},"modified":"2026-03-04T08:46:48","modified_gmt":"2026-03-04T08:46:48","slug":"blog","status":"publish","type":"page","link":"https:\/\/faro.devserver.com.es\/es\/blog\/","title":{"rendered":"Blog"},"content":{"rendered":"<div class=\"et_pb_section_0 et_pb_section et_section_regular et_flex_section\">\n<div class=\"et_pb_row_0 et_pb_row et_flex_row\">\n<div class=\"et_pb_column_0 et_pb_column et-last-child et_flex_column et_pb_css_mix_blend_mode_passthrough et_flex_column_24_24 et_flex_column_24_24_tablet et_flex_column_24_24_phone\">\n<div class=\"et_pb_heading_0 et_pb_heading et_pb_module et_block_module\"><div class=\"et_pb_heading_container\"><h1 class=\"et_pb_module_header\">BLOG<\/h1><\/div><\/div>\n<\/div>\n<\/div>\n\n<div class=\"et_pb_row_1 et_pb_row et_flex_row\">\n<div class=\"et_pb_column_1 et_pb_column et-last-child et_flex_column et_pb_css_mix_blend_mode_passthrough et_flex_column_24_24 et_flex_column_24_24_tablet et_flex_column_24_24_phone\">\n<div class=\"et_pb_code_0 et_pb_code et_pb_module\"><div class=\"et_pb_code_inner\"><ul class=\"lista-categorias\"><li><a href=\"https:\/\/faro.devserver.com.es\/es\/blog\/\">Todos<\/a><\/li><li><a href=\"https:\/\/faro.devserver.com.es\/es\/category\/iluminacion-interior\/\">Iluminaci\u00f3n Interior<\/a><\/li><li><a href=\"https:\/\/faro.devserver.com.es\/es\/category\/luminotecnia\/\">Luminotecnia<\/a><\/li><\/ul><\/div><\/div>\n<\/div>\n<\/div>\n\n<div class=\"et_pb_row_2 et_pb_row et_flex_row\">\n<div class=\"et_pb_column_2 et_pb_column et-last-child et_flex_column et_pb_css_mix_blend_mode_passthrough et_flex_column_24_24 et_flex_column_24_24_tablet et_flex_column_24_24_phone\">\n<div class=\"et_pb_blog_0 et_pb_blog et_pb_bg_layout_light et_pb_posts et_pb_module\"><div class=\"et_pb_ajax_pagination_container\"><div class=\"et_pb_posts et_grid_module\"><article class=\"et_pb_post et_pb_post_id_165265 clearfix et_pb_blog_item_0_0 post-165265 post type-post status-publish format-standard has-post-thumbnail hentry\"><div class=\"et_pb_image_container\"><a href=\"https:\/\/faro.devserver.com.es\/es\/asi-es-recessed-el-nuevo-sistema-empotrado-para-ventiladores-de-techo\/\" class=\"entry-featured-image-url\"><img loading=\"lazy\" decoding=\"async\" src=\"https:\/\/faro.devserver.com.es\/wp-content\/uploads\/2026\/02\/recessedmountingsystem-farobarcelona6980.jpg\" width=\"400\" height=\"284\" alt=\"As\u00ed es Recessed, el nuevo sistema empotrado para ventiladores de techo\" class=\"\" srcset=\"https:\/\/faro.devserver.com.es\/wp-content\/uploads\/2026\/02\/recessedmountingsystem-farobarcelona6980.jpg 479w, https:\/\/faro.devserver.com.es\/wp-content\/uploads\/2026\/02\/recessedmountingsystem-farobarcelona6980-400x284.jpg 480w\" sizes=\"(max-width:479px) 479px, 100vw\" \/><span data-icon=\"\ue050\" class=\"et_overlay et_pb_inline_icon\"><\/span><\/a><\/div><h2 class=\"entry-title\"><a href=\"https:\/\/faro.devserver.com.es\/es\/asi-es-recessed-el-nuevo-sistema-empotrado-para-ventiladores-de-techo\/\">As\u00ed es Recessed, el nuevo sistema empotrado para ventiladores de techo<\/a><\/h2><p class=\"post-meta\"><span class=\"published\">Dic 22, 2025<\/span><\/p><div class=\"post-content\"><div class=\"post-content-inner\"><p>Recessed es el nuevo sistema empotrado de Faro Barcelona que transforma la instalaci\u00f3n de ventiladores de techo. Est&hellip;<\/p>\n<\/div><\/div><\/article><article class=\"et_pb_post et_pb_post_id_165349 clearfix et_pb_blog_item_0_1 post-165349 post type-post status-publish format-standard has-post-thumbnail hentry\"><div class=\"et_pb_image_container\"><a href=\"https:\/\/faro.devserver.com.es\/es\/ventiladores-compatibles-con-sistemas-0-10v-1-10v-integracion-total-para-tu-proyecto\/\" class=\"entry-featured-image-url\"><img loading=\"lazy\" decoding=\"async\" src=\"https:\/\/faro.devserver.com.es\/wp-content\/uploads\/2026\/02\/fantak282.jpg\" width=\"400\" height=\"284\" alt=\"Ventiladores compatibles con sistemas 0-10V \/ 1-10V: integraci\u00f3n total para tu proyecto\" class=\"\" srcset=\"https:\/\/faro.devserver.com.es\/wp-content\/uploads\/2026\/02\/fantak282.jpg 479w, https:\/\/faro.devserver.com.es\/wp-content\/uploads\/2026\/02\/fantak282-400x284.jpg 480w\" sizes=\"(max-width:479px) 479px, 100vw\" \/><span data-icon=\"\ue050\" class=\"et_overlay et_pb_inline_icon\"><\/span><\/a><\/div><h2 class=\"entry-title\"><a href=\"https:\/\/faro.devserver.com.es\/es\/ventiladores-compatibles-con-sistemas-0-10v-1-10v-integracion-total-para-tu-proyecto\/\">Ventiladores compatibles con sistemas 0-10V \/ 1-10V: integraci\u00f3n total para tu proyecto<\/a><\/h2><p class=\"post-meta\"><span class=\"published\">Dic 18, 2025<\/span><\/p><div class=\"post-content\"><div class=\"post-content-inner\"><p>Descubre c\u00f3mo elegir ventiladores de techo compatibles con sistemas 0\u201110V\/1\u201110V y optimizar su integraci\u00f3n en p&hellip;<\/p>\n<\/div><\/div><\/article><article class=\"et_pb_post et_pb_post_id_165345 clearfix et_pb_blog_item_0_2 post-165345 post type-post status-publish format-standard has-post-thumbnail hentry\"><div class=\"et_pb_image_container\"><a href=\"https:\/\/faro.devserver.com.es\/es\/controladores-de-pared-para-ventiladores-de-techo-guia-para-elegir-el-mas-adecuado\/\" class=\"entry-featured-image-url\"><img loading=\"lazy\" decoding=\"async\" src=\"https:\/\/faro.devserver.com.es\/wp-content\/uploads\/2026\/02\/33373-lantau-project-ventilacion-mariavillalonstudio-lorenzosegu-albertomonteagudo1-persona222.jpg\" width=\"400\" height=\"284\" alt=\"Controladores de pared para ventiladores de techo: gu\u00eda para elegir el m\u00e1s adecuado\" class=\"\" srcset=\"https:\/\/faro.devserver.com.es\/wp-content\/uploads\/2026\/02\/33373-lantau-project-ventilacion-mariavillalonstudio-lorenzosegu-albertomonteagudo1-persona222.jpg 479w, https:\/\/faro.devserver.com.es\/wp-content\/uploads\/2026\/02\/33373-lantau-project-ventilacion-mariavillalonstudio-lorenzosegu-albertomonteagudo1-persona222-400x284.jpg 480w\" sizes=\"(max-width:479px) 479px, 100vw\" \/><span data-icon=\"\ue050\" class=\"et_overlay et_pb_inline_icon\"><\/span><\/a><\/div><h2 class=\"entry-title\"><a href=\"https:\/\/faro.devserver.com.es\/es\/controladores-de-pared-para-ventiladores-de-techo-guia-para-elegir-el-mas-adecuado\/\">Controladores de pared para ventiladores de techo: gu\u00eda para elegir el m\u00e1s adecuado<\/a><\/h2><p class=\"post-meta\"><span class=\"published\">Dic 18, 2025<\/span><\/p><div class=\"post-content\"><div class=\"post-content-inner\"><p>Elegir el sistema de control adecuado es clave para una experiencia de ventilaci\u00f3n m\u00e1s c\u00f3moda y eficiente. Te pres&hellip;<\/p>\n<\/div><\/div><\/article><article class=\"et_pb_post et_pb_post_id_165343 clearfix et_pb_blog_item_0_3 post-165343 post type-post status-publish format-standard has-post-thumbnail hentry\"><div class=\"et_pb_image_container\"><a href=\"https:\/\/faro.devserver.com.es\/es\/ventilacion-inteligente-con-tuya-eficiencia-control-y-conectividad\/\" class=\"entry-featured-image-url\"><img loading=\"lazy\" decoding=\"async\" src=\"https:\/\/faro.devserver.com.es\/wp-content\/uploads\/2026\/02\/smarttuya186.jpg\" width=\"400\" height=\"284\" alt=\"Ventilaci\u00f3n inteligente con Tuya: eficiencia, control y conectividad\" class=\"\" srcset=\"https:\/\/faro.devserver.com.es\/wp-content\/uploads\/2026\/02\/smarttuya186.jpg 479w, https:\/\/faro.devserver.com.es\/wp-content\/uploads\/2026\/02\/smarttuya186-400x284.jpg 480w\" sizes=\"(max-width:479px) 479px, 100vw\" \/><span data-icon=\"\ue050\" class=\"et_overlay et_pb_inline_icon\"><\/span><\/a><\/div><h2 class=\"entry-title\"><a href=\"https:\/\/faro.devserver.com.es\/es\/ventilacion-inteligente-con-tuya-eficiencia-control-y-conectividad\/\">Ventilaci\u00f3n inteligente con Tuya: eficiencia, control y conectividad<\/a><\/h2><p class=\"post-meta\"><span class=\"published\">Dic 18, 2025<\/span><\/p><div class=\"post-content\"><div class=\"post-content-inner\"><p>Tuya Smart permite controlar ventiladores de techo de forma inteligente, combinando automatizaci\u00f3n, confort y conect&hellip;<\/p>\n<\/div><\/div><\/article><article class=\"et_pb_post et_pb_post_id_165267 clearfix et_pb_blog_item_0_4 post-165267 post type-post status-publish format-standard has-post-thumbnail hentry\"><div class=\"et_pb_image_container\"><a href=\"https:\/\/faro.devserver.com.es\/es\/guia-rapida-para-encontrar-el-control-perfecto-para-tu-ventilador\/\" class=\"entry-featured-image-url\"><img loading=\"lazy\" decoding=\"async\" src=\"https:\/\/faro.devserver.com.es\/wp-content\/uploads\/2026\/02\/rotativospared454.jpg\" width=\"400\" height=\"284\" alt=\"Gu\u00eda r\u00e1pida para encontrar el control perfecto para tu ventilador\" class=\"\" srcset=\"https:\/\/faro.devserver.com.es\/wp-content\/uploads\/2026\/02\/rotativospared454.jpg 479w, https:\/\/faro.devserver.com.es\/wp-content\/uploads\/2026\/02\/rotativospared454-400x284.jpg 480w\" sizes=\"(max-width:479px) 479px, 100vw\" \/><span data-icon=\"\ue050\" class=\"et_overlay et_pb_inline_icon\"><\/span><\/a><\/div><h2 class=\"entry-title\"><a href=\"https:\/\/faro.devserver.com.es\/es\/guia-rapida-para-encontrar-el-control-perfecto-para-tu-ventilador\/\">Gu\u00eda r\u00e1pida para encontrar el control perfecto para tu ventilador<\/a><\/h2><p class=\"post-meta\"><span class=\"published\">Dic 18, 2025<\/span><\/p><div class=\"post-content\"><div class=\"post-content-inner\"><p>Descubre qu\u00e9 tipo de control encaja mejor con tu ventilador de techo: pared, mando, smart, cadena o integraci\u00f3n dom&hellip;<\/p>\n<\/div><\/div><\/article><article class=\"et_pb_post et_pb_post_id_165137 clearfix et_pb_blog_item_0_5 post-165137 post type-post status-publish format-standard has-post-thumbnail hentry\"><div class=\"et_pb_image_container\"><a href=\"https:\/\/faro.devserver.com.es\/es\/iluminacion-para-cocinas-planificacion-tecnica-zonas-y-soluciones-profesionales\/\" class=\"entry-featured-image-url\"><img loading=\"lazy\" decoding=\"async\" src=\"https:\/\/faro.devserver.com.es\/wp-content\/uploads\/2026\/02\/fostrecessed-project-residencia-piarquitecturapilarpintadoizquierdo6276.jpg\" width=\"400\" height=\"284\" alt=\"Iluminaci\u00f3n para cocinas: planificaci\u00f3n t\u00e9cnica, zonas y soluciones profesionales\" class=\"\" srcset=\"https:\/\/faro.devserver.com.es\/wp-content\/uploads\/2026\/02\/fostrecessed-project-residencia-piarquitecturapilarpintadoizquierdo6276.jpg 479w, https:\/\/faro.devserver.com.es\/wp-content\/uploads\/2026\/02\/fostrecessed-project-residencia-piarquitecturapilarpintadoizquierdo6276-400x284.jpg 480w\" sizes=\"(max-width:479px) 479px, 100vw\" \/><span data-icon=\"\ue050\" class=\"et_overlay et_pb_inline_icon\"><\/span><\/a><\/div><h2 class=\"entry-title\"><a href=\"https:\/\/faro.devserver.com.es\/es\/iluminacion-para-cocinas-planificacion-tecnica-zonas-y-soluciones-profesionales\/\">Iluminaci\u00f3n para cocinas: planificaci\u00f3n t\u00e9cnica, zonas y soluciones profesionales<\/a><\/h2><p class=\"post-meta\"><span class=\"published\">Dic 16, 2025<\/span><\/p><div class=\"post-content\"><div class=\"post-content-inner\"><p data-start=\"2189\" data-end=\"2435\">Descubre c\u00f3mo dise\u00f1ar y planificar la <strong data-start=\"2227\" data-end=\"2253\">i&hellip;<\/p>\n<\/div><\/div><\/article><article class=\"et_pb_post et_pb_post_id_165171 clearfix et_pb_blog_item_0_6 post-165171 post type-post status-publish format-standard has-post-thumbnail hentry\"><div class=\"et_pb_image_container\"><a href=\"https:\/\/faro.devserver.com.es\/es\/proyecto-de-iluminacion-de-una-vivienda-claves-profesionales\/\" class=\"entry-featured-image-url\"><img loading=\"lazy\" decoding=\"async\" src=\"https:\/\/faro.devserver.com.es\/wp-content\/uploads\/2026\/02\/thumbnail-image3140.png\" width=\"400\" height=\"284\" alt=\"Proyecto de iluminaci\u00f3n de una vivienda: claves profesionales\" class=\"\" srcset=\"https:\/\/faro.devserver.com.es\/wp-content\/uploads\/2026\/02\/thumbnail-image3140.png 479w, https:\/\/faro.devserver.com.es\/wp-content\/uploads\/2026\/02\/thumbnail-image3140-400x284.png 480w\" sizes=\"(max-width:479px) 479px, 100vw\" \/><span data-icon=\"\ue050\" class=\"et_overlay et_pb_inline_icon\"><\/span><\/a><\/div><h2 class=\"entry-title\"><a href=\"https:\/\/faro.devserver.com.es\/es\/proyecto-de-iluminacion-de-una-vivienda-claves-profesionales\/\">Proyecto de iluminaci\u00f3n de una vivienda: claves profesionales<\/a><\/h2><p class=\"post-meta\"><span class=\"published\">Dic 16, 2025<\/span><\/p><div class=\"post-content\"><div class=\"post-content-inner\"><p>Gu\u00eda pr\u00e1ctica para dise\u00f1ar un proyecto de iluminaci\u00f3n de una vivienda: puntos de luz, estancias, confort visual y&hellip;<\/p>\n<\/div><\/div><\/article><article class=\"et_pb_post et_pb_post_id_165353 clearfix et_pb_blog_item_0_7 post-165353 post type-post status-publish format-standard has-post-thumbnail hentry\"><div class=\"et_pb_image_container\"><a href=\"https:\/\/faro.devserver.com.es\/es\/como-iluminar-un-jardin-ideas-y-consejos\/\" class=\"entry-featured-image-url\"><img loading=\"lazy\" decoding=\"async\" src=\"https:\/\/faro.devserver.com.es\/wp-content\/uploads\/2026\/02\/espot71947garden991.jpg\" width=\"400\" height=\"284\" alt=\"C\u00f3mo iluminar un jard\u00edn: ideas y consejos\" class=\"\" srcset=\"https:\/\/faro.devserver.com.es\/wp-content\/uploads\/2026\/02\/espot71947garden991.jpg 479w, https:\/\/faro.devserver.com.es\/wp-content\/uploads\/2026\/02\/espot71947garden991-400x284.jpg 480w\" sizes=\"(max-width:479px) 479px, 100vw\" \/><span data-icon=\"\ue050\" class=\"et_overlay et_pb_inline_icon\"><\/span><\/a><\/div><h2 class=\"entry-title\"><a href=\"https:\/\/faro.devserver.com.es\/es\/como-iluminar-un-jardin-ideas-y-consejos\/\">C\u00f3mo iluminar un jard\u00edn: ideas y consejos<\/a><\/h2><p class=\"post-meta\"><span class=\"published\">Dic 15, 2025<\/span><\/p><div class=\"post-content\"><div class=\"post-content-inner\"><p><span style=\"font-weight: 400;\">Con la llegada del calor, las zonas exteriores de nuestras casas se llenan de animaci&hellip;<\/p>\n<\/div><\/div><\/article><article class=\"et_pb_post et_pb_post_id_165233 clearfix et_pb_blog_item_0_8 post-165233 post type-post status-publish format-standard has-post-thumbnail hentry\"><div class=\"et_pb_image_container\"><a href=\"https:\/\/faro.devserver.com.es\/es\/luz-y-diseno-10-claves-para-una-iluminacion-bien-integrada\/\" class=\"entry-featured-image-url\"><img loading=\"lazy\" decoding=\"async\" src=\"https:\/\/faro.devserver.com.es\/wp-content\/uploads\/2026\/02\/luz-y-diseno961.jpg\" width=\"400\" height=\"284\" alt=\"Luz y dise\u00f1o: 10 claves para una iluminaci\u00f3n bien integrada\" class=\"\" srcset=\"https:\/\/faro.devserver.com.es\/wp-content\/uploads\/2026\/02\/luz-y-diseno961.jpg 479w, https:\/\/faro.devserver.com.es\/wp-content\/uploads\/2026\/02\/luz-y-diseno961-400x284.jpg 480w\" sizes=\"(max-width:479px) 479px, 100vw\" \/><span data-icon=\"\ue050\" class=\"et_overlay et_pb_inline_icon\"><\/span><\/a><\/div><h2 class=\"entry-title\"><a href=\"https:\/\/faro.devserver.com.es\/es\/luz-y-diseno-10-claves-para-una-iluminacion-bien-integrada\/\">Luz y dise\u00f1o: 10 claves para una iluminaci\u00f3n bien integrada<\/a><\/h2><p class=\"post-meta\"><span class=\"published\">Dic 15, 2025<\/span><\/p><div class=\"post-content\"><div class=\"post-content-inner\"><p>Descubre c\u00f3mo integrar luz y dise\u00f1o en arquitectura e interiorismo. 10 principios clave para crear espacios funcion&hellip;<\/p>\n<\/div><\/div><\/article><article class=\"et_pb_post et_pb_post_id_165189 clearfix et_pb_blog_item_0_9 post-165189 post type-post status-publish format-standard has-post-thumbnail hentry\"><div class=\"et_pb_image_container\"><a href=\"https:\/\/faro.devserver.com.es\/es\/como-instalar-un-ventilador-de-techo-en-un-techo-inclinado-soluciones-y-recomendaciones\/\" class=\"entry-featured-image-url\"><img loading=\"lazy\" decoding=\"async\" src=\"https:\/\/faro.devserver.com.es\/wp-content\/uploads\/2026\/02\/ventiladorentechoinclinado940.jpg\" width=\"400\" height=\"284\" alt=\"C\u00f3mo instalar un ventilador de techo en un techo inclinado: soluciones y recomendaciones\" class=\"\" srcset=\"https:\/\/faro.devserver.com.es\/wp-content\/uploads\/2026\/02\/ventiladorentechoinclinado940.jpg 479w, https:\/\/faro.devserver.com.es\/wp-content\/uploads\/2026\/02\/ventiladorentechoinclinado940-400x284.jpg 480w\" sizes=\"(max-width:479px) 479px, 100vw\" \/><span data-icon=\"\ue050\" class=\"et_overlay et_pb_inline_icon\"><\/span><\/a><\/div><h2 class=\"entry-title\"><a href=\"https:\/\/faro.devserver.com.es\/es\/como-instalar-un-ventilador-de-techo-en-un-techo-inclinado-soluciones-y-recomendaciones\/\">C\u00f3mo instalar un ventilador de techo en un techo inclinado: soluciones y recomendaciones<\/a><\/h2><p class=\"post-meta\"><span class=\"published\">Dic 10, 2025<\/span><\/p><div class=\"post-content\"><div class=\"post-content-inner\"><p data-start=\"909\" data-end=\"1062\">\u00bfTienes un techo inclinado? Te explicamos c\u00f3mo instalar un ventilador de techo, qu&hellip;<\/p>\n<\/div><\/div><\/article><\/div><div class='wp-pagenavi' role='navigation'>\n<span class='pages'>P\u00e1gina 1 de 16<\/span><span aria-current='page' class='current'>1<\/span><a class=\"page larger\" title=\"P\u00e1gina 2\" href=\"https:\/\/faro.devserver.com.es\/es\/wp-json\/wp\/v2\/pages\/104077\/page\/2\/?et_blog\">2<\/a><a class=\"page larger\" title=\"P\u00e1gina 3\" href=\"https:\/\/faro.devserver.com.es\/es\/wp-json\/wp\/v2\/pages\/104077\/page\/3\/?et_blog\">3<\/a><a class=\"page larger\" title=\"P\u00e1gina 4\" href=\"https:\/\/faro.devserver.com.es\/es\/wp-json\/wp\/v2\/pages\/104077\/page\/4\/?et_blog\">4<\/a><a class=\"page larger\" title=\"P\u00e1gina 5\" href=\"https:\/\/faro.devserver.com.es\/es\/wp-json\/wp\/v2\/pages\/104077\/page\/5\/?et_blog\">5<\/a><span class='extend'>...<\/span><a class=\"larger page\" title=\"P\u00e1gina 10\" href=\"https:\/\/faro.devserver.com.es\/es\/wp-json\/wp\/v2\/pages\/104077\/page\/10\/?et_blog\">10<\/a><span class='extend'>...<\/span><a class=\"nextpostslink\" rel=\"next\" aria-label=\"P\u00e1gina siguiente\" href=\"https:\/\/faro.devserver.com.es\/es\/wp-json\/wp\/v2\/pages\/104077\/page\/2\/?et_blog\">\u00bb<\/a><a class=\"last\" aria-label=\"Last Page\" href=\"https:\/\/faro.devserver.com.es\/es\/wp-json\/wp\/v2\/pages\/104077\/page\/16\/?et_blog\">Last \u00bb<\/a>\n<\/div><\/div><\/div>\n<\/div>\n<\/div>\n<\/div>","protected":false},"excerpt":{"rendered":"","protected":false},"author":1,"featured_media":0,"parent":0,"menu_order":0,"comment_status":"closed","ping_status":"closed","template":"","meta":{"_acf_changed":false,"footnotes":""},"class_list":["post-104077","page","type-page","status-publish","hentry"],"acf":[],"_links":{"self":[{"href":"https:\/\/faro.devserver.com.es\/es\/wp-json\/wp\/v2\/pages\/104077","targetHints":{"allow":["GET"]}}],"collection":[{"href":"https:\/\/faro.devserver.com.es\/es\/wp-json\/wp\/v2\/pages"}],"about":[{"href":"https:\/\/faro.devserver.com.es\/es\/wp-json\/wp\/v2\/types\/page"}],"author":[{"embeddable":true,"href":"https:\/\/faro.devserver.com.es\/es\/wp-json\/wp\/v2\/users\/1"}],"replies":[{"embeddable":true,"href":"https:\/\/faro.devserver.com.es\/es\/wp-json\/wp\/v2\/comments?post=104077"}],"version-history":[{"count":21,"href":"https:\/\/faro.devserver.com.es\/es\/wp-json\/wp\/v2\/pages\/104077\/revisions"}],"predecessor-version":[{"id":171580,"href":"https:\/\/faro.devserver.com.es\/es\/wp-json\/wp\/v2\/pages\/104077\/revisions\/171580"}],"wp:attachment":[{"href":"https:\/\/faro.devserver.com.es\/es\/wp-json\/wp\/v2\/media?parent=104077"}],"curies":[{"name":"wp","href":"https:\/\/api.w.org\/{rel}","templated":true}]}}